{"id":826,"date":"2021-10-07T05:16:30","date_gmt":"2021-10-07T05:16:30","guid":{"rendered":"https:\/\/themexriver.com\/wp\/fastrans\/?page_id=826"},"modified":"2024-01-08T15:28:11","modified_gmt":"2024-01-08T08:28:11","slug":"custom-clearance","status":"publish","type":"page","link":"https:\/\/novalog.vn\/vi\/custom-clearance\/","title":{"rendered":"D\u1ecbch v\u1ee5 H\u1ea3i quan"},"content":{"rendered":"<div data-elementor-type=\"wp-page\" data-elementor-id=\"826\" class=\"elementor elementor-826\" data-elementor-post-type=\"page\">\n\t\t\t\t\t\t\t\t\t<section class=\"elementor-section elementor-top-section elementor-element elementor-element-06c71b2 elementor-section-full_width elementor-section-height-default elementor-section-height-default\" data-id=\"06c71b2\" data-element_type=\"section\">\n\t\t\t\t\t\t<div class=\"elementor-container elementor-column-gap-default\">\n\t\t\t\t\t<div class=\"elementor-column elementor-col-100 elementor-top-column elementor-element elementor-element-e880b22\" data-id=\"e880b22\" data-element_type=\"column\">\n\t\t\t<div class=\"elementor-widget-wrap elementor-element-populated\">\n\t\t\t\t\t\t\t\t<div class=\"elementor-element elementor-element-68d3af0 services-details elementor-widget elementor-widget-fastrans_service_details\" data-id=\"68d3af0\" data-element_type=\"widget\" data-widget_type=\"fastrans_service_details.default\">\n\t\t\t\t<div class=\"elementor-widget-container\">\n\t\t\t\t\n    <!-- Start of Service details section\n\t============================================= -->\n\t<section id=\"ft-service-details\" class=\"ft-service-details-section page-padding\">\n\t\t<div class=\"container\">\n\t\t\t<div class=\"ft-service-details-content\">\n\t\t\t\t<div class=\"row\">\n\t\t\t\t\t                    <div class=\"col-lg-4\">\n\t\t\t\t\t\t<div class=\"ft-service-sidebar\">\n                        \t<div id=\"fastrans_service_sidebar-4\" class=\"service-widget sidebar-widget widget_fastrans_service_sidebar\">\t\t\n        <!-- Instagram Widget -->\n        <div class=\"ft-service-sidebar-widget headline ul-li-block\">\n            <div class=\"service-category-widget\">\n                <h3 class=\"widget-title\">D\u1ecbch v\u1ee5<\/h3>                <ul>\n\t\t\t\t        \n           \t<!-- Title -->\n                        <li><a href=\"https:\/\/novalog.vn\/vi\/import-export\/\">Nh\u1eadp kh\u1ea9u v\u00e0 Xu\u1ea5t kh\u1ea9u<\/a><\/li>\n                        <li><a href=\"https:\/\/novalog.vn\/vi\/custom-clearance\/\">D\u1ecbch v\u1ee5 H\u1ea3i quan<\/a><\/li>\n                        <li><a href=\"https:\/\/novalog.vn\/vi\/consulting\/\">T\u01b0 v\u1ea5n gi\u1ea3i ph\u00e1p<\/a><\/li>\n                        <li><a href=\"https:\/\/novalog.vn\/vi\/green-economy\/\">Kinh t\u1ebf xanh<\/a><\/li>\n                        <li><a href=\"https:\/\/novalog.vn\/vi\/logistic\/\">Logistics<\/a><\/li>\n                            \n                        <\/ul>\n            <\/div>\n        <\/div>\n        \n        <\/div><div id=\"fastrans_support_form-4\" class=\"service-widget sidebar-widget widget_fastrans_support_form\">      \t\t\n\t\t\t<div class=\"ft-service-sidebar-widget headline ul-li-block\">\n                <div class=\"service-form-widget\">\n                    <h3 class=\"widget-title text-uppercase\">27\/7 H\u1ed6 TR\u1ee2 TR\u1ef0C TUY\u1ebeN<\/h3>                                        <p>Nh\u1eadn b\u00e1o gi\u00e1 ngay l\u1eadp t\u1ee9c v\u00e0 \u0111\u1eb7t g\u1eedi h\u00e0ng<\/p>\n                                        \n<div class=\"wpcf7 no-js\" id=\"wpcf7-f514-o1\" lang=\"en-US\" dir=\"ltr\">\n<div class=\"screen-reader-response\"><p role=\"status\" aria-live=\"polite\" aria-atomic=\"true\"><\/p> <ul><\/ul><\/div>\n<form action=\"\/vi\/wp-json\/wp\/v2\/pages\/826#wpcf7-f514-o1\" method=\"post\" class=\"wpcf7-form init\" aria-label=\"Contact form\" novalidate=\"novalidate\" data-status=\"init\" data-trp-original-action=\"\/vi\/wp-json\/wp\/v2\/pages\/826#wpcf7-f514-o1\">\n<div style=\"display: none;\">\n<input type=\"hidden\" name=\"_wpcf7\" value=\"514\" \/>\n<input type=\"hidden\" name=\"_wpcf7_version\" value=\"5.8.5\" \/>\n<input type=\"hidden\" name=\"_wpcf7_locale\" value=\"en_US\" \/>\n<input type=\"hidden\" name=\"_wpcf7_unit_tag\" value=\"wpcf7-f514-o1\" \/>\n<input type=\"hidden\" name=\"_wpcf7_container_post\" value=\"0\" \/>\n<input type=\"hidden\" name=\"_wpcf7_posted_data_hash\" value=\"\" \/>\n<\/div>\n<p><span class=\"wpcf7-form-control-wrap\" data-name=\"Name\"><input size=\"40\" class=\"wpcf7-form-control wpcf7-text wpcf7-validates-as-required\" aria-required=\"true\" aria-invalid=\"false\" placeholder=\"H\u1ecd v\u00e0 t\u00ean\" value=\"\" type=\"text\" name=\"Name\" \/><\/span><br \/>\n<span class=\"wpcf7-form-control-wrap\" data-name=\"Email\"><input size=\"40\" class=\"wpcf7-form-control wpcf7-email wpcf7-validates-as-required wpcf7-text wpcf7-validates-as-email\" aria-required=\"true\" aria-invalid=\"false\" placeholder=\"Email\" value=\"\" type=\"email\" name=\"Email\" \/><\/span><br \/>\n<span class=\"wpcf7-form-control-wrap\" data-name=\"Question\"><textarea cols=\"40\" rows=\"10\" class=\"wpcf7-form-control wpcf7-textarea\" aria-invalid=\"false\" placeholder=\"\u0110\u1eb7t c\u00e2u h\u1ecfi\" name=\"Question\"><\/textarea><\/span><br \/>\n<button style=\"display:flex;align-items:center;justify-content: center;\">Li\u00ean h\u1ec7 ngay<\/button>\n<\/p><div class=\"wpcf7-response-output\" aria-hidden=\"true\"><\/div>\n<input type=\"hidden\" name=\"trp-form-language\" value=\"vi\"\/><\/form>\n<\/div>\n                <\/div>\n            <\/div>\n              \n        <\/div>\t\t\t\t\t\t<\/div>\n\t\t\t\t\t<\/div>\n\t\t\t\t\t                    <div class=\"col-lg-8\">\n\t\t\t\t\t\t<div class=\"ft-service-details-content-wrapper headline pera-content\">\n\t\t\t\t\t\t\t<div class=\"ft-service-details-img-wrapper\">\n\t\t\t\t\t\t\t\t<div class=\"row\">\n\t\t\t\t\t\t\t\t\t                                    <div class=\"col-md-6\">\n\t\t\t\t\t\t\t\t\t\t<div class=\"ft-service-details-img\">\n\t\t\t\t\t\t\t\t\t\t\t<img decoding=\"async\" src=\"https:\/\/novalog.vn\/wp-content\/uploads\/2021\/10\/sd1-jpg.webp\" alt=\"Awesome Image\">\n\t\t\t\t\t\t\t\t\t\t<\/div>\n\t\t\t\t\t\t\t\t\t<\/div>\n                                                                        \t\t\t\t\t\t\t\t\t<div class=\"col-md-6\">\n\t\t\t\t\t\t\t\t\t\t                                        <div class=\"ft-service-details-img\">\n\t\t\t\t\t\t\t\t\t\t\t<img decoding=\"async\" src=\"https:\/\/novalog.vn\/wp-content\/uploads\/2021\/10\/sd2-jpg.webp\" alt=\"Awesome Image\">\n\t\t\t\t\t\t\t\t\t\t<\/div>\n                                                                                \t\t\t\t\t\t\t\t\t\t<div class=\"ft-service-details-img\">\n\t\t\t\t\t\t\t\t\t\t\t<img decoding=\"async\" src=\"https:\/\/novalog.vn\/wp-content\/uploads\/2021\/10\/sd3-jpg.webp\" alt=\"Awesome Image\">\n\t\t\t\t\t\t\t\t\t\t<\/div>\n                                        \t\t\t\t\t\t\t\t\t<\/div>\n                                    \t\t\t\t\t\t\t\t<\/div>\n\t\t\t\t\t\t\t<\/div>\n\t\t\t\t\t\t\t<div class=\"ft-service-details-text-wrapper\">\n\t\t\t\t\t\t\t\t<h3>D\u1ecbch v\u1ee5 H\u1ea3i quan<\/h3> \t\t\t\t\t\t\t\t\n\t\t\t\t\t\t\t\tNovalog cam k\u1ebft cung \u1ee9ng d\u1ecbch v\u1ee5 h\u1ea3i quan nhanh ch\u00f3ng v\u00e0 tinh g\u1ecdn tr\u00ean c\u01a1 s\u1edf m\u1ed1i quan h\u1ec7 ch\u1eb7t ch\u1ebd v\u1edbi c\u00e1c c\u01a1 quan li\u00ean quan. <br> <br>\nNovalog vui l\u00f2ng \u0111\u01b0\u1ee3c t\u01b0 v\u1ea5n th\u1ee7 t\u1ee5c ph\u00f9 h\u1ee3p v\u1edbi \u0111\u1eb7c th\u00f9 c\u1ee7a kh\u00e1ch h\u00e0ng, h\u1ed7 tr\u1ee3 kh\u00e1ch h\u00e0ng t\u1ed1i \u01b0u c\u00e1c chi ph\u00ed v\u1ec1 thu\u1ebf, l\u1ec7 ph\u00ed. <br> <br>\t\t\t\t\t\t\t\t\n\t\t\t\t\t\t\t\t                                <div class=\"ft-service-details-counter-wrapper\">\n\t\t\t\t\t\t\t\t\t<div class=\"row\">\n\t\t\t\t\t\t\t\t\t\t                                        <div class=\"col-md-6\">\n\t\t\t\t\t\t\t\t\t\t\t<div class=\"ft-service-details-counter-item d-flex align-items-center headline pera-content\">\n\t\t\t\t\t\t\t\t\t\t\t\t<div class=\"ft-service-details-count-icon\">\n\t\t\t\t\t\t\t\t\t\t\t\t\t<i class=\"flaticon-worldwide\"><\/i>\n\t\t\t\t\t\t\t\t\t\t\t\t<\/div>\n\t\t\t\t\t\t\t\t\t\t\t\t<div class=\"ft-service-details-count-text\">\n\t\t\t\t\t\t\t\t\t\t\t\t\t<h4 class=\"title text-uppercase\">PH\u1ea0M VI D\u1ecaCH V\u1ee4<\/h4>\n\t\t\t\t\t\t\t\t\t\t\t\t\t<h4 class=\"count-number\"><span class=\"count\"><\/span><\/h4>\n\t\t\t\t\t\t\t\t\t\t\t\t\t<p>To\u00e0n c\u1ea7u<\/p>\n\t\t\t\t\t\t\t\t\t\t\t\t<\/div>\n\t\t\t\t\t\t\t\t\t\t\t<\/div>\n\t\t\t\t\t\t\t\t\t\t<\/div>\n                                                                                <div class=\"col-md-6\">\n\t\t\t\t\t\t\t\t\t\t\t<div class=\"ft-service-details-counter-item d-flex align-items-center headline pera-content\">\n\t\t\t\t\t\t\t\t\t\t\t\t<div class=\"ft-service-details-count-icon\">\n\t\t\t\t\t\t\t\t\t\t\t\t\t<i class=\"flaticon-logistics\"><\/i>\n\t\t\t\t\t\t\t\t\t\t\t\t<\/div>\n\t\t\t\t\t\t\t\t\t\t\t\t<div class=\"ft-service-details-count-text\">\n\t\t\t\t\t\t\t\t\t\t\t\t\t<h4 class=\"title text-uppercase\">PH\u01af\u01a0NG TH\u1ee8C<\/h4>\n\t\t\t\t\t\t\t\t\t\t\t\t\t<h4 class=\"count-number\"><span class=\"count\"><\/span><\/h4>\n\t\t\t\t\t\t\t\t\t\t\t\t\t<p>Chi\u1ec1u \u0111\u1ebfn Vi\u1ec7t Nam v\u00e0 Chi\u1ec1u \u0111i t\u1eeb Vi\u1ec7t Nam<\/p>\n\t\t\t\t\t\t\t\t\t\t\t\t<\/div>\n\t\t\t\t\t\t\t\t\t\t\t<\/div>\n\t\t\t\t\t\t\t\t\t\t<\/div>\n                                        \t\t\t\t\t\t\t\t\t<\/div>\n\t\t\t\t\t\t\t\t<\/div>\n\t\t\t\t\t\t\t\t\t\t\t\t\t\t\t\t                                \t\t\t\t\t\t\t\t    \t\n\t\t\t\t\t\t\t<\/div>\n\t\t\t\t\t\t<\/div>\n\t\t\t\t\t<\/div>\n\t\t\t\t<\/div>\n\t\t\t<\/div>\n\t\t<\/div>\n\t<\/section>\t\n\t<!-- End of Service details section\n\t============================================= -->\n    \n    \t\t<\/div>\n\t\t\t\t<\/div>\n\t\t\t\t\t<\/div>\n\t\t<\/div>\n\t\t\t\t\t\t\t<\/div>\n\t\t<\/section>\n\t\t\t\t\t\t\t<\/div>","protected":false},"excerpt":{"rendered":"<p>Services Import&#038;Export Custom Clearance Consulting Green Economy Logistics 24\/7 ONLINE SUPPORT Get immediate quotes &amp; book shipment. Contact Now Custom Clearance Novalog is committed to providing fast and lean customs services based on close relationships with local authority We are pleased to offer tailored advice on procedures that matches our clients&#8217; specific requirements and supports [&hellip;]<\/p>","protected":false},"author":1,"featured_media":0,"parent":0,"menu_order":0,"comment_status":"closed","ping_status":"closed","template":"tpl-default-elementor.php","meta":{"footnotes":""},"class_list":["post-826","page","type-page","status-publish","hentry"],"acf":[],"yoast_head":"<!-- This site is optimized with the Yoast SEO plugin v21.7 - https:\/\/yoast.com\/wordpress\/plugins\/seo\/ -->\n<title>Custom Clearance - Website Novalog<\/title>\n<meta name=\"description\" content=\"Novalog - trang web h\u00e0ng h\u00f3a \u0111a d\u1ea1ng, cung c\u1ea5p d\u1ecbch v\u1ee5 v\u1eadn chuy\u1ec3n \u0111\u00e1ng tin c\u1eady, k\u1ebft n\u1ed1i n\u1ed9i \u0111\u1ecba v\u00e0 qu\u1ed1c t\u1ebf\" \/>\n<meta name=\"robots\" content=\"index, follow, max-snippet:-1, max-image-preview:large, max-video-preview:-1\" \/>\n<link rel=\"canonical\" href=\"https:\/\/novalog.vn\/vi\/custom-clearance\/\" \/>\n<meta property=\"og:locale\" content=\"vi_VN\" \/>\n<meta property=\"og:type\" content=\"article\" \/>\n<meta property=\"og:title\" content=\"Custom Clearance - Website Novalog\" \/>\n<meta property=\"og:description\" content=\"Novalog - trang web h\u00e0ng h\u00f3a \u0111a d\u1ea1ng, cung c\u1ea5p d\u1ecbch v\u1ee5 v\u1eadn chuy\u1ec3n \u0111\u00e1ng tin c\u1eady, k\u1ebft n\u1ed1i n\u1ed9i \u0111\u1ecba v\u00e0 qu\u1ed1c t\u1ebf\" \/>\n<meta property=\"og:url\" content=\"https:\/\/novalog.vn\/vi\/custom-clearance\/\" \/>\n<meta property=\"og:site_name\" content=\"Website Novalog\" \/>\n<meta property=\"article:modified_time\" content=\"2024-01-08T08:28:11+00:00\" \/>\n<meta property=\"og:image\" content=\"https:\/\/novalog.vn\/wp-content\/uploads\/2021\/10\/sd1-jpg.webp\" \/>\n<meta name=\"twitter:card\" content=\"summary_large_image\" \/>\n<meta name=\"twitter:label1\" content=\"\u01af\u1edbc t\u00ednh th\u1eddi gian \u0111\u1ecdc\" \/>\n\t<meta name=\"twitter:data1\" content=\"1 ph\u00fat\" \/>\n<script type=\"application\/ld+json\" class=\"yoast-schema-graph\">{\"@context\":\"https:\/\/schema.org\",\"@graph\":[{\"@type\":\"WebPage\",\"@id\":\"https:\/\/novalog.vn\/vi\/custom-clearance\/\",\"url\":\"https:\/\/novalog.vn\/vi\/custom-clearance\/\",\"name\":\"Custom Clearance - Website Novalog\",\"isPartOf\":{\"@id\":\"https:\/\/novalog.vn\/#website\"},\"datePublished\":\"2021-10-07T05:16:30+00:00\",\"dateModified\":\"2024-01-08T08:28:11+00:00\",\"description\":\"Novalog - trang web h\u00e0ng h\u00f3a \u0111a d\u1ea1ng, cung c\u1ea5p d\u1ecbch v\u1ee5 v\u1eadn chuy\u1ec3n \u0111\u00e1ng tin c\u1eady, k\u1ebft n\u1ed1i n\u1ed9i \u0111\u1ecba v\u00e0 qu\u1ed1c t\u1ebf\",\"breadcrumb\":{\"@id\":\"https:\/\/novalog.vn\/vi\/custom-clearance\/#breadcrumb\"},\"inLanguage\":\"vi\",\"potentialAction\":[{\"@type\":\"ReadAction\",\"target\":[\"https:\/\/novalog.vn\/vi\/custom-clearance\/\"]}]},{\"@type\":\"BreadcrumbList\",\"@id\":\"https:\/\/novalog.vn\/vi\/custom-clearance\/#breadcrumb\",\"itemListElement\":[{\"@type\":\"ListItem\",\"position\":1,\"name\":\"Home\",\"item\":\"https:\/\/novalog.vn\/\"},{\"@type\":\"ListItem\",\"position\":2,\"name\":\"Custom Clearance\"}]},{\"@type\":\"WebSite\",\"@id\":\"https:\/\/novalog.vn\/#website\",\"url\":\"https:\/\/novalog.vn\/\",\"name\":\"Website novalog\",\"description\":\"M\u1ed9t trang web m\u1edbi s\u1eed d\u1ee5ng WordPress.\",\"publisher\":{\"@id\":\"https:\/\/novalog.vn\/#organization\"},\"potentialAction\":[{\"@type\":\"SearchAction\",\"target\":{\"@type\":\"EntryPoint\",\"urlTemplate\":\"https:\/\/novalog.vn\/?s={search_term_string}\"},\"query-input\":\"required name=search_term_string\"}],\"inLanguage\":\"vi\"},{\"@type\":\"Organization\",\"@id\":\"https:\/\/novalog.vn\/#organization\",\"name\":\"Website novalog\",\"url\":\"https:\/\/novalog.vn\/\",\"logo\":{\"@type\":\"ImageObject\",\"inLanguage\":\"vi\",\"@id\":\"https:\/\/novalog.vn\/#\/schema\/logo\/image\/\",\"url\":\"https:\/\/novalog.vn\/wp-content\/uploads\/2023\/12\/logo-2.webp\",\"contentUrl\":\"https:\/\/novalog.vn\/wp-content\/uploads\/2023\/12\/logo-2.webp\",\"width\":239,\"height\":238,\"caption\":\"Website novalog\"},\"image\":{\"@id\":\"https:\/\/novalog.vn\/#\/schema\/logo\/image\/\"}}]}<\/script>\n<!-- \/ Yoast SEO plugin. -->","yoast_head_json":{"title":"Custom Clearance - Website Novalog","description":"Novalog - trang web h\u00e0ng h\u00f3a \u0111a d\u1ea1ng, cung c\u1ea5p d\u1ecbch v\u1ee5 v\u1eadn chuy\u1ec3n \u0111\u00e1ng tin c\u1eady, k\u1ebft n\u1ed1i n\u1ed9i \u0111\u1ecba v\u00e0 qu\u1ed1c t\u1ebf","robots":{"index":"index","follow":"follow","max-snippet":"max-snippet:-1","max-image-preview":"max-image-preview:large","max-video-preview":"max-video-preview:-1"},"canonical":"https:\/\/novalog.vn\/vi\/custom-clearance\/","og_locale":"vi_VN","og_type":"article","og_title":"Custom Clearance - Website Novalog","og_description":"Novalog - trang web h\u00e0ng h\u00f3a \u0111a d\u1ea1ng, cung c\u1ea5p d\u1ecbch v\u1ee5 v\u1eadn chuy\u1ec3n \u0111\u00e1ng tin c\u1eady, k\u1ebft n\u1ed1i n\u1ed9i \u0111\u1ecba v\u00e0 qu\u1ed1c t\u1ebf","og_url":"https:\/\/novalog.vn\/vi\/custom-clearance\/","og_site_name":"Website Novalog","article_modified_time":"2024-01-08T08:28:11+00:00","og_image":[{"url":"https:\/\/novalog.vn\/wp-content\/uploads\/2021\/10\/sd1-jpg.webp"}],"twitter_card":"summary_large_image","twitter_misc":{"\u01af\u1edbc t\u00ednh th\u1eddi gian \u0111\u1ecdc":"1 ph\u00fat"},"schema":{"@context":"https:\/\/schema.org","@graph":[{"@type":"WebPage","@id":"https:\/\/novalog.vn\/vi\/custom-clearance\/","url":"https:\/\/novalog.vn\/vi\/custom-clearance\/","name":"Custom Clearance - Website Novalog","isPartOf":{"@id":"https:\/\/novalog.vn\/#website"},"datePublished":"2021-10-07T05:16:30+00:00","dateModified":"2024-01-08T08:28:11+00:00","description":"Novalog - trang web h\u00e0ng h\u00f3a \u0111a d\u1ea1ng, cung c\u1ea5p d\u1ecbch v\u1ee5 v\u1eadn chuy\u1ec3n \u0111\u00e1ng tin c\u1eady, k\u1ebft n\u1ed1i n\u1ed9i \u0111\u1ecba v\u00e0 qu\u1ed1c t\u1ebf","breadcrumb":{"@id":"https:\/\/novalog.vn\/vi\/custom-clearance\/#breadcrumb"},"inLanguage":"vi","potentialAction":[{"@type":"ReadAction","target":["https:\/\/novalog.vn\/vi\/custom-clearance\/"]}]},{"@type":"BreadcrumbList","@id":"https:\/\/novalog.vn\/vi\/custom-clearance\/#breadcrumb","itemListElement":[{"@type":"ListItem","position":1,"name":"Home","item":"https:\/\/novalog.vn\/"},{"@type":"ListItem","position":2,"name":"Custom Clearance"}]},{"@type":"WebSite","@id":"https:\/\/novalog.vn\/#website","url":"https:\/\/novalog.vn\/","name":"Website novalog","description":"M\u1ed9t trang web m\u1edbi s\u1eed d\u1ee5ng WordPress.","publisher":{"@id":"https:\/\/novalog.vn\/#organization"},"potentialAction":[{"@type":"SearchAction","target":{"@type":"EntryPoint","urlTemplate":"https:\/\/novalog.vn\/?s={search_term_string}"},"query-input":"required name=search_term_string"}],"inLanguage":"vi"},{"@type":"Organization","@id":"https:\/\/novalog.vn\/#organization","name":"Website novalog","url":"https:\/\/novalog.vn\/","logo":{"@type":"ImageObject","inLanguage":"vi","@id":"https:\/\/novalog.vn\/#\/schema\/logo\/image\/","url":"https:\/\/novalog.vn\/wp-content\/uploads\/2023\/12\/logo-2.webp","contentUrl":"https:\/\/novalog.vn\/wp-content\/uploads\/2023\/12\/logo-2.webp","width":239,"height":238,"caption":"Website novalog"},"image":{"@id":"https:\/\/novalog.vn\/#\/schema\/logo\/image\/"}}]}},"_links":{"self":[{"href":"https:\/\/novalog.vn\/vi\/wp-json\/wp\/v2\/pages\/826","targetHints":{"allow":["GET"]}}],"collection":[{"href":"https:\/\/novalog.vn\/vi\/wp-json\/wp\/v2\/pages"}],"about":[{"href":"https:\/\/novalog.vn\/vi\/wp-json\/wp\/v2\/types\/page"}],"author":[{"embeddable":true,"href":"https:\/\/novalog.vn\/vi\/wp-json\/wp\/v2\/users\/1"}],"replies":[{"embeddable":true,"href":"https:\/\/novalog.vn\/vi\/wp-json\/wp\/v2\/comments?post=826"}],"version-history":[{"count":5,"href":"https:\/\/novalog.vn\/vi\/wp-json\/wp\/v2\/pages\/826\/revisions"}],"predecessor-version":[{"id":3390,"href":"https:\/\/novalog.vn\/vi\/wp-json\/wp\/v2\/pages\/826\/revisions\/3390"}],"wp:attachment":[{"href":"https:\/\/novalog.vn\/vi\/wp-json\/wp\/v2\/media?parent=826"}],"curies":[{"name":"wp","href":"https:\/\/api.w.org\/{rel}","templated":true}]}}