{"id":825,"date":"2021-10-07T05:16:13","date_gmt":"2021-10-07T05:16:13","guid":{"rendered":"https:\/\/themexriver.com\/wp\/fastrans\/?page_id=825"},"modified":"2024-01-08T15:28:43","modified_gmt":"2024-01-08T08:28:43","slug":"import-export","status":"publish","type":"page","link":"https:\/\/novalog.vn\/vi\/import-export\/","title":{"rendered":"Nh\u1eadp kh\u1ea9u v\u00e0 Xu\u1ea5t kh\u1ea9u"},"content":{"rendered":"<div data-elementor-type=\"wp-page\" data-elementor-id=\"825\" class=\"elementor elementor-825\" data-elementor-post-type=\"page\">\n\t\t\t\t\t\t\t\t\t<section class=\"elementor-section elementor-top-section elementor-element elementor-element-3b5e6b1 elementor-section-full_width elementor-section-height-default elementor-section-height-default\" data-id=\"3b5e6b1\" data-element_type=\"section\">\n\t\t\t\t\t\t<div class=\"elementor-container elementor-column-gap-default\">\n\t\t\t\t\t<div class=\"elementor-column elementor-col-100 elementor-top-column elementor-element elementor-element-708cfd4\" data-id=\"708cfd4\" data-element_type=\"column\">\n\t\t\t<div class=\"elementor-widget-wrap elementor-element-populated\">\n\t\t\t\t\t\t\t\t<div class=\"elementor-element elementor-element-8209499 services-details elementor-widget elementor-widget-fastrans_service_details\" data-id=\"8209499\" data-element_type=\"widget\" data-widget_type=\"fastrans_service_details.default\">\n\t\t\t\t<div class=\"elementor-widget-container\">\n\t\t\t\t\n    <!-- Start of Service details section\n\t============================================= -->\n\t<section id=\"ft-service-details\" class=\"ft-service-details-section page-padding\">\n\t\t<div class=\"container\">\n\t\t\t<div class=\"ft-service-details-content\">\n\t\t\t\t<div class=\"row\">\n\t\t\t\t\t                    <div class=\"col-lg-4\">\n\t\t\t\t\t\t<div class=\"ft-service-sidebar\">\n                        \t<div id=\"fastrans_service_sidebar-4\" class=\"service-widget sidebar-widget widget_fastrans_service_sidebar\">\t\t\n        <!-- Instagram Widget -->\n        <div class=\"ft-service-sidebar-widget headline ul-li-block\">\n            <div class=\"service-category-widget\">\n                <h3 class=\"widget-title\">D\u1ecbch v\u1ee5<\/h3>                <ul>\n\t\t\t\t        \n           \t<!-- Title -->\n                        <li><a href=\"https:\/\/novalog.vn\/vi\/import-export\/\">Nh\u1eadp kh\u1ea9u v\u00e0 Xu\u1ea5t kh\u1ea9u<\/a><\/li>\n                        <li><a href=\"https:\/\/novalog.vn\/vi\/custom-clearance\/\">D\u1ecbch v\u1ee5 H\u1ea3i quan<\/a><\/li>\n                        <li><a href=\"https:\/\/novalog.vn\/vi\/consulting\/\">T\u01b0 v\u1ea5n gi\u1ea3i ph\u00e1p<\/a><\/li>\n                        <li><a href=\"https:\/\/novalog.vn\/vi\/green-economy\/\">Kinh t\u1ebf xanh<\/a><\/li>\n                        <li><a href=\"https:\/\/novalog.vn\/vi\/logistic\/\">Logistics<\/a><\/li>\n                            \n                        <\/ul>\n            <\/div>\n        <\/div>\n        \n        <\/div><div id=\"fastrans_support_form-4\" class=\"service-widget sidebar-widget widget_fastrans_support_form\">      \t\t\n\t\t\t<div class=\"ft-service-sidebar-widget headline ul-li-block\">\n                <div class=\"service-form-widget\">\n                    <h3 class=\"widget-title text-uppercase\">27\/7 H\u1ed6 TR\u1ee2 TR\u1ef0C TUY\u1ebeN<\/h3>                                        <p>Nh\u1eadn b\u00e1o gi\u00e1 ngay l\u1eadp t\u1ee9c v\u00e0 \u0111\u1eb7t g\u1eedi h\u00e0ng<\/p>\n                                        \n<div class=\"wpcf7 no-js\" id=\"wpcf7-f514-o1\" lang=\"en-US\" dir=\"ltr\">\n<div class=\"screen-reader-response\"><p role=\"status\" aria-live=\"polite\" aria-atomic=\"true\"><\/p> <ul><\/ul><\/div>\n<form action=\"\/vi\/wp-json\/wp\/v2\/pages\/825#wpcf7-f514-o1\" method=\"post\" class=\"wpcf7-form init\" aria-label=\"Contact form\" novalidate=\"novalidate\" data-status=\"init\" data-trp-original-action=\"\/vi\/wp-json\/wp\/v2\/pages\/825#wpcf7-f514-o1\">\n<div style=\"display: none;\">\n<input type=\"hidden\" name=\"_wpcf7\" value=\"514\" \/>\n<input type=\"hidden\" name=\"_wpcf7_version\" value=\"5.8.5\" \/>\n<input type=\"hidden\" name=\"_wpcf7_locale\" value=\"en_US\" \/>\n<input type=\"hidden\" name=\"_wpcf7_unit_tag\" value=\"wpcf7-f514-o1\" \/>\n<input type=\"hidden\" name=\"_wpcf7_container_post\" value=\"0\" \/>\n<input type=\"hidden\" name=\"_wpcf7_posted_data_hash\" value=\"\" \/>\n<\/div>\n<p><span class=\"wpcf7-form-control-wrap\" data-name=\"Name\"><input size=\"40\" class=\"wpcf7-form-control wpcf7-text wpcf7-validates-as-required\" aria-required=\"true\" aria-invalid=\"false\" placeholder=\"H\u1ecd v\u00e0 t\u00ean\" value=\"\" type=\"text\" name=\"Name\" \/><\/span><br \/>\n<span class=\"wpcf7-form-control-wrap\" data-name=\"Email\"><input size=\"40\" class=\"wpcf7-form-control wpcf7-email wpcf7-validates-as-required wpcf7-text wpcf7-validates-as-email\" aria-required=\"true\" aria-invalid=\"false\" placeholder=\"Email\" value=\"\" type=\"email\" name=\"Email\" \/><\/span><br \/>\n<span class=\"wpcf7-form-control-wrap\" data-name=\"Question\"><textarea cols=\"40\" rows=\"10\" class=\"wpcf7-form-control wpcf7-textarea\" aria-invalid=\"false\" placeholder=\"\u0110\u1eb7t c\u00e2u h\u1ecfi\" name=\"Question\"><\/textarea><\/span><br \/>\n<button style=\"display:flex;align-items:center;justify-content: center;\">Li\u00ean h\u1ec7 ngay<\/button>\n<\/p><div class=\"wpcf7-response-output\" aria-hidden=\"true\"><\/div>\n<input type=\"hidden\" name=\"trp-form-language\" value=\"vi\"\/><\/form>\n<\/div>\n                <\/div>\n            <\/div>\n              \n        <\/div>\t\t\t\t\t\t<\/div>\n\t\t\t\t\t<\/div>\n\t\t\t\t\t                    <div class=\"col-lg-8\">\n\t\t\t\t\t\t<div class=\"ft-service-details-content-wrapper headline pera-content\">\n\t\t\t\t\t\t\t<div class=\"ft-service-details-img-wrapper\">\n\t\t\t\t\t\t\t\t<div class=\"row\">\n\t\t\t\t\t\t\t\t\t                                    <div class=\"col-md-6\">\n\t\t\t\t\t\t\t\t\t\t<div class=\"ft-service-details-img\">\n\t\t\t\t\t\t\t\t\t\t\t<img decoding=\"async\" src=\"https:\/\/novalog.vn\/wp-content\/uploads\/2021\/10\/sd1-jpg.webp\" alt=\"Awesome Image\">\n\t\t\t\t\t\t\t\t\t\t<\/div>\n\t\t\t\t\t\t\t\t\t<\/div>\n                                                                        \t\t\t\t\t\t\t\t\t<div class=\"col-md-6\">\n\t\t\t\t\t\t\t\t\t\t                                        <div class=\"ft-service-details-img\">\n\t\t\t\t\t\t\t\t\t\t\t<img decoding=\"async\" src=\"https:\/\/novalog.vn\/wp-content\/uploads\/2021\/10\/sd2-jpg.webp\" alt=\"Awesome Image\">\n\t\t\t\t\t\t\t\t\t\t<\/div>\n                                                                                \t\t\t\t\t\t\t\t\t\t<div class=\"ft-service-details-img\">\n\t\t\t\t\t\t\t\t\t\t\t<img decoding=\"async\" src=\"https:\/\/novalog.vn\/wp-content\/uploads\/2021\/10\/sd3-jpg.webp\" alt=\"Awesome Image\">\n\t\t\t\t\t\t\t\t\t\t<\/div>\n                                        \t\t\t\t\t\t\t\t\t<\/div>\n                                    \t\t\t\t\t\t\t\t<\/div>\n\t\t\t\t\t\t\t<\/div>\n\t\t\t\t\t\t\t<div class=\"ft-service-details-text-wrapper\">\n\t\t\t\t\t\t\t\t<h3>Import&amp;Export<\/h3> \t\t\t\t\t\t\t\t\n\t\t\t\t\t\t\t\tN\u1ed9i dung \u0111ang c\u1eadp nh\u1eadt <br> <br>\t\t\t\t\t\t\t\t\n\t\t\t\t\t\t\t\t                                <div class=\"ft-service-details-counter-wrapper\">\n\t\t\t\t\t\t\t\t\t<div class=\"row\">\n\t\t\t\t\t\t\t\t\t\t                                        <div class=\"col-md-6\">\n\t\t\t\t\t\t\t\t\t\t\t<div class=\"ft-service-details-counter-item d-flex align-items-center headline pera-content\">\n\t\t\t\t\t\t\t\t\t\t\t\t<div class=\"ft-service-details-count-icon\">\n\t\t\t\t\t\t\t\t\t\t\t\t\t<i class=\"flaticon-worldwide\"><\/i>\n\t\t\t\t\t\t\t\t\t\t\t\t<\/div>\n\t\t\t\t\t\t\t\t\t\t\t\t<div class=\"ft-service-details-count-text\">\n\t\t\t\t\t\t\t\t\t\t\t\t\t<h4 class=\"title text-uppercase\">PH\u1ea0M VI D\u1ecaCH V\u1ee4<\/h4>\n\t\t\t\t\t\t\t\t\t\t\t\t\t<h4 class=\"count-number\"><span class=\"count\"><\/span><\/h4>\n\t\t\t\t\t\t\t\t\t\t\t\t\t<p>N\u1ed9i dung \u0111ang c\u1eadp nh\u1eadt<\/p>\n\t\t\t\t\t\t\t\t\t\t\t\t<\/div>\n\t\t\t\t\t\t\t\t\t\t\t<\/div>\n\t\t\t\t\t\t\t\t\t\t<\/div>\n                                                                                <div class=\"col-md-6\">\n\t\t\t\t\t\t\t\t\t\t\t<div class=\"ft-service-details-counter-item d-flex align-items-center headline pera-content\">\n\t\t\t\t\t\t\t\t\t\t\t\t<div class=\"ft-service-details-count-icon\">\n\t\t\t\t\t\t\t\t\t\t\t\t\t<i class=\"flaticon-logistics\"><\/i>\n\t\t\t\t\t\t\t\t\t\t\t\t<\/div>\n\t\t\t\t\t\t\t\t\t\t\t\t<div class=\"ft-service-details-count-text\">\n\t\t\t\t\t\t\t\t\t\t\t\t\t<h4 class=\"title text-uppercase\">PH\u01af\u01a0NG TH\u1ee8C<\/h4>\n\t\t\t\t\t\t\t\t\t\t\t\t\t<h4 class=\"count-number\"><span class=\"count\"><\/span><\/h4>\n\t\t\t\t\t\t\t\t\t\t\t\t\t<p>N\u1ed9i dung \u0111ang c\u1eadp nh\u1eadt<\/p>\n\t\t\t\t\t\t\t\t\t\t\t\t<\/div>\n\t\t\t\t\t\t\t\t\t\t\t<\/div>\n\t\t\t\t\t\t\t\t\t\t<\/div>\n                                        \t\t\t\t\t\t\t\t\t<\/div>\n\t\t\t\t\t\t\t\t<\/div>\n\t\t\t\t\t\t\t\t\t\t\t\t\t\t\t\t                                \t\t\t\t\t\t\t\t    \t\n\t\t\t\t\t\t\t<\/div>\n\t\t\t\t\t\t<\/div>\n\t\t\t\t\t<\/div>\n\t\t\t\t<\/div>\n\t\t\t<\/div>\n\t\t<\/div>\n\t<\/section>\t\n\t<!-- End of Service details section\n\t============================================= -->\n    \n    \t\t<\/div>\n\t\t\t\t<\/div>\n\t\t\t\t\t<\/div>\n\t\t<\/div>\n\t\t\t\t\t\t\t<\/div>\n\t\t<\/section>\n\t\t\t\t\t\t\t<\/div>","protected":false},"excerpt":{"rendered":"<p>Services Import&#038;Export Custom Clearance Consulting Green Economy Logistics 24\/7 ONLINE SUPPORT Get immediate quotes &amp; book shipment. Contact Now Import&amp;Export UPDATING REGION Updating METHODS Updating<\/p>","protected":false},"author":1,"featured_media":0,"parent":0,"menu_order":0,"comment_status":"closed","ping_status":"closed","template":"tpl-default-elementor.php","meta":{"footnotes":""},"class_list":["post-825","page","type-page","status-publish","hentry"],"acf":[],"yoast_head":"<!-- This site is optimized with the Yoast SEO plugin v21.7 - https:\/\/yoast.com\/wordpress\/plugins\/seo\/ -->\n<title>Import&amp;Export - Website Novalog<\/title>\n<meta name=\"description\" content=\"Novalog - trang web h\u00e0ng h\u00f3a \u0111a d\u1ea1ng, cung c\u1ea5p d\u1ecbch v\u1ee5 v\u1eadn chuy\u1ec3n \u0111\u00e1ng tin c\u1eady, k\u1ebft n\u1ed1i n\u1ed9i \u0111\u1ecba v\u00e0 qu\u1ed1c t\u1ebf\" \/>\n<meta name=\"robots\" content=\"index, follow, max-snippet:-1, max-image-preview:large, max-video-preview:-1\" \/>\n<link rel=\"canonical\" href=\"https:\/\/novalog.vn\/vi\/import-export\/\" \/>\n<meta property=\"og:locale\" content=\"vi_VN\" \/>\n<meta property=\"og:type\" content=\"article\" \/>\n<meta property=\"og:title\" content=\"Import&amp;Export - Website Novalog\" \/>\n<meta property=\"og:description\" content=\"Novalog - trang web h\u00e0ng h\u00f3a \u0111a d\u1ea1ng, cung c\u1ea5p d\u1ecbch v\u1ee5 v\u1eadn chuy\u1ec3n \u0111\u00e1ng tin c\u1eady, k\u1ebft n\u1ed1i n\u1ed9i \u0111\u1ecba v\u00e0 qu\u1ed1c t\u1ebf\" \/>\n<meta property=\"og:url\" content=\"https:\/\/novalog.vn\/vi\/import-export\/\" \/>\n<meta property=\"og:site_name\" content=\"Website Novalog\" \/>\n<meta property=\"article:modified_time\" content=\"2024-01-08T08:28:43+00:00\" \/>\n<meta property=\"og:image\" content=\"https:\/\/novalog.vn\/wp-content\/uploads\/2021\/10\/sd1-jpg.webp\" \/>\n<meta name=\"twitter:card\" content=\"summary_large_image\" \/>\n<meta name=\"twitter:label1\" content=\"\u01af\u1edbc t\u00ednh th\u1eddi gian \u0111\u1ecdc\" \/>\n\t<meta name=\"twitter:data1\" content=\"1 ph\u00fat\" \/>\n<script type=\"application\/ld+json\" class=\"yoast-schema-graph\">{\"@context\":\"https:\/\/schema.org\",\"@graph\":[{\"@type\":\"WebPage\",\"@id\":\"https:\/\/novalog.vn\/vi\/import-export\/\",\"url\":\"https:\/\/novalog.vn\/vi\/import-export\/\",\"name\":\"Import&Export - Website Novalog\",\"isPartOf\":{\"@id\":\"https:\/\/novalog.vn\/#website\"},\"datePublished\":\"2021-10-07T05:16:13+00:00\",\"dateModified\":\"2024-01-08T08:28:43+00:00\",\"description\":\"Novalog - trang web h\u00e0ng h\u00f3a \u0111a d\u1ea1ng, cung c\u1ea5p d\u1ecbch v\u1ee5 v\u1eadn chuy\u1ec3n \u0111\u00e1ng tin c\u1eady, k\u1ebft n\u1ed1i n\u1ed9i \u0111\u1ecba v\u00e0 qu\u1ed1c t\u1ebf\",\"breadcrumb\":{\"@id\":\"https:\/\/novalog.vn\/vi\/import-export\/#breadcrumb\"},\"inLanguage\":\"vi\",\"potentialAction\":[{\"@type\":\"ReadAction\",\"target\":[\"https:\/\/novalog.vn\/vi\/import-export\/\"]}]},{\"@type\":\"BreadcrumbList\",\"@id\":\"https:\/\/novalog.vn\/vi\/import-export\/#breadcrumb\",\"itemListElement\":[{\"@type\":\"ListItem\",\"position\":1,\"name\":\"Home\",\"item\":\"https:\/\/novalog.vn\/\"},{\"@type\":\"ListItem\",\"position\":2,\"name\":\"Import&#038;Export\"}]},{\"@type\":\"WebSite\",\"@id\":\"https:\/\/novalog.vn\/#website\",\"url\":\"https:\/\/novalog.vn\/\",\"name\":\"Website novalog\",\"description\":\"M\u1ed9t trang web m\u1edbi s\u1eed d\u1ee5ng WordPress.\",\"publisher\":{\"@id\":\"https:\/\/novalog.vn\/#organization\"},\"potentialAction\":[{\"@type\":\"SearchAction\",\"target\":{\"@type\":\"EntryPoint\",\"urlTemplate\":\"https:\/\/novalog.vn\/?s={search_term_string}\"},\"query-input\":\"required name=search_term_string\"}],\"inLanguage\":\"vi\"},{\"@type\":\"Organization\",\"@id\":\"https:\/\/novalog.vn\/#organization\",\"name\":\"Website novalog\",\"url\":\"https:\/\/novalog.vn\/\",\"logo\":{\"@type\":\"ImageObject\",\"inLanguage\":\"vi\",\"@id\":\"https:\/\/novalog.vn\/#\/schema\/logo\/image\/\",\"url\":\"https:\/\/novalog.vn\/wp-content\/uploads\/2023\/12\/logo-2.webp\",\"contentUrl\":\"https:\/\/novalog.vn\/wp-content\/uploads\/2023\/12\/logo-2.webp\",\"width\":239,\"height\":238,\"caption\":\"Website novalog\"},\"image\":{\"@id\":\"https:\/\/novalog.vn\/#\/schema\/logo\/image\/\"}}]}<\/script>\n<!-- \/ Yoast SEO plugin. -->","yoast_head_json":{"title":"Import&Export - Website Novalog","description":"Novalog - trang web h\u00e0ng h\u00f3a \u0111a d\u1ea1ng, cung c\u1ea5p d\u1ecbch v\u1ee5 v\u1eadn chuy\u1ec3n \u0111\u00e1ng tin c\u1eady, k\u1ebft n\u1ed1i n\u1ed9i \u0111\u1ecba v\u00e0 qu\u1ed1c t\u1ebf","robots":{"index":"index","follow":"follow","max-snippet":"max-snippet:-1","max-image-preview":"max-image-preview:large","max-video-preview":"max-video-preview:-1"},"canonical":"https:\/\/novalog.vn\/vi\/import-export\/","og_locale":"vi_VN","og_type":"article","og_title":"Import&Export - Website Novalog","og_description":"Novalog - trang web h\u00e0ng h\u00f3a \u0111a d\u1ea1ng, cung c\u1ea5p d\u1ecbch v\u1ee5 v\u1eadn chuy\u1ec3n \u0111\u00e1ng tin c\u1eady, k\u1ebft n\u1ed1i n\u1ed9i \u0111\u1ecba v\u00e0 qu\u1ed1c t\u1ebf","og_url":"https:\/\/novalog.vn\/vi\/import-export\/","og_site_name":"Website Novalog","article_modified_time":"2024-01-08T08:28:43+00:00","og_image":[{"url":"https:\/\/novalog.vn\/wp-content\/uploads\/2021\/10\/sd1-jpg.webp"}],"twitter_card":"summary_large_image","twitter_misc":{"\u01af\u1edbc t\u00ednh th\u1eddi gian \u0111\u1ecdc":"1 ph\u00fat"},"schema":{"@context":"https:\/\/schema.org","@graph":[{"@type":"WebPage","@id":"https:\/\/novalog.vn\/vi\/import-export\/","url":"https:\/\/novalog.vn\/vi\/import-export\/","name":"Import&Export - Website Novalog","isPartOf":{"@id":"https:\/\/novalog.vn\/#website"},"datePublished":"2021-10-07T05:16:13+00:00","dateModified":"2024-01-08T08:28:43+00:00","description":"Novalog - trang web h\u00e0ng h\u00f3a \u0111a d\u1ea1ng, cung c\u1ea5p d\u1ecbch v\u1ee5 v\u1eadn chuy\u1ec3n \u0111\u00e1ng tin c\u1eady, k\u1ebft n\u1ed1i n\u1ed9i \u0111\u1ecba v\u00e0 qu\u1ed1c t\u1ebf","breadcrumb":{"@id":"https:\/\/novalog.vn\/vi\/import-export\/#breadcrumb"},"inLanguage":"vi","potentialAction":[{"@type":"ReadAction","target":["https:\/\/novalog.vn\/vi\/import-export\/"]}]},{"@type":"BreadcrumbList","@id":"https:\/\/novalog.vn\/vi\/import-export\/#breadcrumb","itemListElement":[{"@type":"ListItem","position":1,"name":"Home","item":"https:\/\/novalog.vn\/"},{"@type":"ListItem","position":2,"name":"Import&#038;Export"}]},{"@type":"WebSite","@id":"https:\/\/novalog.vn\/#website","url":"https:\/\/novalog.vn\/","name":"Website novalog","description":"M\u1ed9t trang web m\u1edbi s\u1eed d\u1ee5ng WordPress.","publisher":{"@id":"https:\/\/novalog.vn\/#organization"},"potentialAction":[{"@type":"SearchAction","target":{"@type":"EntryPoint","urlTemplate":"https:\/\/novalog.vn\/?s={search_term_string}"},"query-input":"required name=search_term_string"}],"inLanguage":"vi"},{"@type":"Organization","@id":"https:\/\/novalog.vn\/#organization","name":"Website novalog","url":"https:\/\/novalog.vn\/","logo":{"@type":"ImageObject","inLanguage":"vi","@id":"https:\/\/novalog.vn\/#\/schema\/logo\/image\/","url":"https:\/\/novalog.vn\/wp-content\/uploads\/2023\/12\/logo-2.webp","contentUrl":"https:\/\/novalog.vn\/wp-content\/uploads\/2023\/12\/logo-2.webp","width":239,"height":238,"caption":"Website novalog"},"image":{"@id":"https:\/\/novalog.vn\/#\/schema\/logo\/image\/"}}]}},"_links":{"self":[{"href":"https:\/\/novalog.vn\/vi\/wp-json\/wp\/v2\/pages\/825","targetHints":{"allow":["GET"]}}],"collection":[{"href":"https:\/\/novalog.vn\/vi\/wp-json\/wp\/v2\/pages"}],"about":[{"href":"https:\/\/novalog.vn\/vi\/wp-json\/wp\/v2\/types\/page"}],"author":[{"embeddable":true,"href":"https:\/\/novalog.vn\/vi\/wp-json\/wp\/v2\/users\/1"}],"replies":[{"embeddable":true,"href":"https:\/\/novalog.vn\/vi\/wp-json\/wp\/v2\/comments?post=825"}],"version-history":[{"count":5,"href":"https:\/\/novalog.vn\/vi\/wp-json\/wp\/v2\/pages\/825\/revisions"}],"predecessor-version":[{"id":3393,"href":"https:\/\/novalog.vn\/vi\/wp-json\/wp\/v2\/pages\/825\/revisions\/3393"}],"wp:attachment":[{"href":"https:\/\/novalog.vn\/vi\/wp-json\/wp\/v2\/media?parent=825"}],"curies":[{"name":"wp","href":"https:\/\/api.w.org\/{rel}","templated":true}]}}