{"id":493,"date":"2021-10-04T12:58:33","date_gmt":"2021-10-04T12:58:33","guid":{"rendered":"https:\/\/themexriver.com\/wp\/fastrans\/?page_id=493"},"modified":"2024-01-08T15:26:36","modified_gmt":"2024-01-08T08:26:36","slug":"logistic","status":"publish","type":"page","link":"https:\/\/novalog.vn\/vi\/logistic\/","title":{"rendered":"D\u1ecbch v\u1ee5 chuy\u1ec3n ph\u00e1t"},"content":{"rendered":"<div data-elementor-type=\"wp-page\" data-elementor-id=\"493\" class=\"elementor elementor-493\" data-elementor-post-type=\"page\">\n\t\t\t\t\t\t\t\t\t<section class=\"elementor-section elementor-top-section elementor-element elementor-element-fc50221 elementor-section-full_width elementor-section-height-default elementor-section-height-default\" data-id=\"fc50221\" data-element_type=\"section\">\n\t\t\t\t\t\t<div class=\"elementor-container elementor-column-gap-default\">\n\t\t\t\t\t<div class=\"elementor-column elementor-col-100 elementor-top-column elementor-element elementor-element-60e8e2e\" data-id=\"60e8e2e\" data-element_type=\"column\">\n\t\t\t<div class=\"elementor-widget-wrap elementor-element-populated\">\n\t\t\t\t\t\t\t\t<div class=\"elementor-element elementor-element-3f6a094 services-details elementor-widget elementor-widget-fastrans_service_details\" data-id=\"3f6a094\" data-element_type=\"widget\" data-widget_type=\"fastrans_service_details.default\">\n\t\t\t\t<div class=\"elementor-widget-container\">\n\t\t\t\t\n    <!-- Start of Service details section\n\t============================================= -->\n\t<section id=\"ft-service-details\" class=\"ft-service-details-section page-padding\">\n\t\t<div class=\"container\">\n\t\t\t<div class=\"ft-service-details-content\">\n\t\t\t\t<div class=\"row\">\n\t\t\t\t\t                    <div class=\"col-lg-4\">\n\t\t\t\t\t\t<div class=\"ft-service-sidebar\">\n                        \t<div id=\"fastrans_service_sidebar-4\" class=\"service-widget sidebar-widget widget_fastrans_service_sidebar\">\t\t\n        <!-- Instagram Widget -->\n        <div class=\"ft-service-sidebar-widget headline ul-li-block\">\n            <div class=\"service-category-widget\">\n                <h3 class=\"widget-title\">D\u1ecbch v\u1ee5<\/h3>                <ul>\n\t\t\t\t        \n           \t<!-- Title -->\n                        <li><a href=\"https:\/\/novalog.vn\/vi\/import-export\/\">Nh\u1eadp kh\u1ea9u v\u00e0 Xu\u1ea5t kh\u1ea9u<\/a><\/li>\n                        <li><a href=\"https:\/\/novalog.vn\/vi\/custom-clearance\/\">D\u1ecbch v\u1ee5 H\u1ea3i quan<\/a><\/li>\n                        <li><a href=\"https:\/\/novalog.vn\/vi\/consulting\/\">T\u01b0 v\u1ea5n gi\u1ea3i ph\u00e1p<\/a><\/li>\n                        <li><a href=\"https:\/\/novalog.vn\/vi\/green-economy\/\">Kinh t\u1ebf xanh<\/a><\/li>\n                        <li><a href=\"https:\/\/novalog.vn\/vi\/logistic\/\">Logistics<\/a><\/li>\n                            \n                        <\/ul>\n            <\/div>\n        <\/div>\n        \n        <\/div><div id=\"fastrans_support_form-4\" class=\"service-widget sidebar-widget widget_fastrans_support_form\">      \t\t\n\t\t\t<div class=\"ft-service-sidebar-widget headline ul-li-block\">\n                <div class=\"service-form-widget\">\n                    <h3 class=\"widget-title text-uppercase\">27\/7 H\u1ed6 TR\u1ee2 TR\u1ef0C TUY\u1ebeN<\/h3>                                        <p>Nh\u1eadn b\u00e1o gi\u00e1 ngay l\u1eadp t\u1ee9c v\u00e0 \u0111\u1eb7t g\u1eedi h\u00e0ng<\/p>\n                                        \n<div class=\"wpcf7 no-js\" id=\"wpcf7-f514-o1\" lang=\"en-US\" dir=\"ltr\">\n<div class=\"screen-reader-response\"><p role=\"status\" aria-live=\"polite\" aria-atomic=\"true\"><\/p> <ul><\/ul><\/div>\n<form action=\"\/vi\/wp-json\/wp\/v2\/pages\/493#wpcf7-f514-o1\" method=\"post\" class=\"wpcf7-form init\" aria-label=\"Contact form\" novalidate=\"novalidate\" data-status=\"init\" data-trp-original-action=\"\/vi\/wp-json\/wp\/v2\/pages\/493#wpcf7-f514-o1\">\n<div style=\"display: none;\">\n<input type=\"hidden\" name=\"_wpcf7\" value=\"514\" \/>\n<input type=\"hidden\" name=\"_wpcf7_version\" value=\"5.8.5\" \/>\n<input type=\"hidden\" name=\"_wpcf7_locale\" value=\"en_US\" \/>\n<input type=\"hidden\" name=\"_wpcf7_unit_tag\" value=\"wpcf7-f514-o1\" \/>\n<input type=\"hidden\" name=\"_wpcf7_container_post\" value=\"0\" \/>\n<input type=\"hidden\" name=\"_wpcf7_posted_data_hash\" value=\"\" \/>\n<\/div>\n<p><span class=\"wpcf7-form-control-wrap\" data-name=\"Name\"><input size=\"40\" class=\"wpcf7-form-control wpcf7-text wpcf7-validates-as-required\" aria-required=\"true\" aria-invalid=\"false\" placeholder=\"H\u1ecd v\u00e0 t\u00ean\" value=\"\" type=\"text\" name=\"Name\" \/><\/span><br \/>\n<span class=\"wpcf7-form-control-wrap\" data-name=\"Email\"><input size=\"40\" class=\"wpcf7-form-control wpcf7-email wpcf7-validates-as-required wpcf7-text wpcf7-validates-as-email\" aria-required=\"true\" aria-invalid=\"false\" placeholder=\"Email\" value=\"\" type=\"email\" name=\"Email\" \/><\/span><br \/>\n<span class=\"wpcf7-form-control-wrap\" data-name=\"Question\"><textarea cols=\"40\" rows=\"10\" class=\"wpcf7-form-control wpcf7-textarea\" aria-invalid=\"false\" placeholder=\"\u0110\u1eb7t c\u00e2u h\u1ecfi\" name=\"Question\"><\/textarea><\/span><br \/>\n<button style=\"display:flex;align-items:center;justify-content: center;\">Li\u00ean h\u1ec7 ngay<\/button>\n<\/p><div class=\"wpcf7-response-output\" aria-hidden=\"true\"><\/div>\n<input type=\"hidden\" name=\"trp-form-language\" value=\"vi\"\/><\/form>\n<\/div>\n                <\/div>\n            <\/div>\n              \n        <\/div>\t\t\t\t\t\t<\/div>\n\t\t\t\t\t<\/div>\n\t\t\t\t\t                    <div class=\"col-lg-8\">\n\t\t\t\t\t\t<div class=\"ft-service-details-content-wrapper headline pera-content\">\n\t\t\t\t\t\t\t<div class=\"ft-service-details-img-wrapper\">\n\t\t\t\t\t\t\t\t<div class=\"row\">\n\t\t\t\t\t\t\t\t\t                                    <div class=\"col-md-6\">\n\t\t\t\t\t\t\t\t\t\t<div class=\"ft-service-details-img\">\n\t\t\t\t\t\t\t\t\t\t\t<img decoding=\"async\" src=\"https:\/\/novalog.vn\/wp-content\/uploads\/2021\/10\/sd1-jpg.webp\" alt=\"Awesome Image\">\n\t\t\t\t\t\t\t\t\t\t<\/div>\n\t\t\t\t\t\t\t\t\t<\/div>\n                                                                        \t\t\t\t\t\t\t\t\t<div class=\"col-md-6\">\n\t\t\t\t\t\t\t\t\t\t                                        <div class=\"ft-service-details-img\">\n\t\t\t\t\t\t\t\t\t\t\t<img decoding=\"async\" src=\"https:\/\/novalog.vn\/wp-content\/uploads\/2021\/10\/sd2-jpg.webp\" alt=\"Awesome Image\">\n\t\t\t\t\t\t\t\t\t\t<\/div>\n                                                                                \t\t\t\t\t\t\t\t\t\t<div class=\"ft-service-details-img\">\n\t\t\t\t\t\t\t\t\t\t\t<img decoding=\"async\" src=\"https:\/\/novalog.vn\/wp-content\/uploads\/2021\/10\/sd3-jpg.webp\" alt=\"Awesome Image\">\n\t\t\t\t\t\t\t\t\t\t<\/div>\n                                        \t\t\t\t\t\t\t\t\t<\/div>\n                                    \t\t\t\t\t\t\t\t<\/div>\n\t\t\t\t\t\t\t<\/div>\n\t\t\t\t\t\t\t<div class=\"ft-service-details-text-wrapper\">\n\t\t\t\t\t\t\t\t<h3>D\u1ecbch v\u1ee5 chuy\u1ec3n ph\u00e1t<\/h3> \t\t\t\t\t\t\t\t\n\t\t\t\t\t\t\t\tNovalog cung c\u1ea5p c\u00e1c d\u1ecbch v\u1ee5 \u0111a d\u1ea1ng, \u0111a ph\u01b0\u01a1ng th\u1ee9c bao g\u1ed3m c\u1ea3 v\u1eadn chuy\u1ec3n \u0111\u01b0\u1eddng b\u1ed9, \u0111\u01b0\u1eddng bi\u1ec3n v\u00e0 \u0111\u01b0\u1eddng h\u00e0ng kh\u00f4ng trong n\u01b0\u1edbc v\u00e0 qu\u1ed1c t\u1ebf.<br> <br>\n\nCh\u00fang t\u00f4i v\u00e0 \u0111\u1ed1i t\u00e1c ph\u1ed1i h\u1ee3p t\u1ea1o d\u1ef1ng m\u1ea1ng l\u01b0\u1edbi v\u1eadn chuy\u1ec3n to\u00e0n qu\u1ed1c, \u0111\u1ed9i xe v\u1edbi kinh nghi\u1ec7m tr\u00ean 20 n\u0103m \u0111\u1ec3 \u0111\u1ea3m b\u1ea3o h\u00e0ng h\u00f3a \u0111\u01b0\u1ee3c chuy\u1ec3n \u0111\u1ebfn \u0111\u00fang \u0111\u1ecba \u0111i\u1ec3m, \u0111\u00fang th\u1eddi gian v\u00e0 \u0111\u1ea1t \u0111\u01b0\u1ee3c m\u1ee9c \u0111\u1ed9 an to\u00e0n cao nh\u1ea5t.<br> <br>\n\n\u0110\u1ec3 \u0111\u1ea1t m\u1ee5c ti\u00eau h\u00e0i h\u00f2a v\u00e0 hi\u1ec7u qu\u1ea3, Novalog thi\u1ebft k\u1ebf c\u00e1c ph\u01b0\u01a1ng \u00e1n v\u1eadn chuy\u1ec3n t\u1ed1i \u01b0u theo \u0111\u1eb7c th\u00f9 kh\u00e1ch h\u00e0ng. \u0110\u1ed3ng th\u1eddi, Novalog c\u0169ng \u1ee9ng d\u1ee5ng c\u00f4ng ngh\u1ec7 hi\u1ec7n \u0111\u1ea1i \u0111\u1ec3 qu\u1ea3n l\u00fd v\u00e0 theo d\u00f5i qu\u00e1 tr\u00ecnh v\u1eadn chuy\u1ec3n, gi\u00fap kh\u00e1ch h\u00e0ng c\u00f3 c\u00e1i nh\u00ecn to\u00e0n di\u1ec7n v\u1ec1 vi\u1ec7c di chuy\u1ec3n h\u00e0ng h\u00f3a c\u1ee7a m\u00ecnh. \u0110i\u1ec1u n\u00e0y gi\u00fap t\u1ed1i \u01b0u h\u00f3a hi\u1ec7u su\u1ea5t v\u00e0 ti\u1ebft ki\u1ec7m chi ph\u00ed cho c\u1ea3 ng\u01b0\u1eddi cung c\u1ea5p d\u1ecbch v\u1ee5 v\u00e0 ng\u01b0\u1eddi s\u1eed d\u1ee5ng d\u1ecbch v\u1ee5. <br> <br>\t\t\t\t\t\t\t\t\n\t\t\t\t\t\t\t\t                                <div class=\"ft-service-details-counter-wrapper\">\n\t\t\t\t\t\t\t\t\t<div class=\"row\">\n\t\t\t\t\t\t\t\t\t\t                                        <div class=\"col-md-6\">\n\t\t\t\t\t\t\t\t\t\t\t<div class=\"ft-service-details-counter-item d-flex align-items-center headline pera-content\">\n\t\t\t\t\t\t\t\t\t\t\t\t<div class=\"ft-service-details-count-icon\">\n\t\t\t\t\t\t\t\t\t\t\t\t\t<i class=\"flaticon-worldwide\"><\/i>\n\t\t\t\t\t\t\t\t\t\t\t\t<\/div>\n\t\t\t\t\t\t\t\t\t\t\t\t<div class=\"ft-service-details-count-text\">\n\t\t\t\t\t\t\t\t\t\t\t\t\t<h4 class=\"title text-uppercase\">PH\u1ea0M VI D\u1ecaCH V\u1ee4<\/h4>\n\t\t\t\t\t\t\t\t\t\t\t\t\t<h4 class=\"count-number\"><span class=\"count\"><\/span><\/h4>\n\t\t\t\t\t\t\t\t\t\t\t\t\t<p>N\u1ed9i \u0111\u1ecba v\u00e0 qu\u1ed1c t\u1ebf<\/p>\n\t\t\t\t\t\t\t\t\t\t\t\t<\/div>\n\t\t\t\t\t\t\t\t\t\t\t<\/div>\n\t\t\t\t\t\t\t\t\t\t<\/div>\n                                                                                <div class=\"col-md-6\">\n\t\t\t\t\t\t\t\t\t\t\t<div class=\"ft-service-details-counter-item d-flex align-items-center headline pera-content\">\n\t\t\t\t\t\t\t\t\t\t\t\t<div class=\"ft-service-details-count-icon\">\n\t\t\t\t\t\t\t\t\t\t\t\t\t<i class=\"flaticon-logistics\"><\/i>\n\t\t\t\t\t\t\t\t\t\t\t\t<\/div>\n\t\t\t\t\t\t\t\t\t\t\t\t<div class=\"ft-service-details-count-text\">\n\t\t\t\t\t\t\t\t\t\t\t\t\t<h4 class=\"title text-uppercase\">PH\u01af\u01a0NG TH\u1ee8C<\/h4>\n\t\t\t\t\t\t\t\t\t\t\t\t\t<h4 class=\"count-number\"><span class=\"count\"><\/span><\/h4>\n\t\t\t\t\t\t\t\t\t\t\t\t\t<p>H\u00e0ng nguy\u00ean chuy\u1ebfn v\u00e0 h\u00e0ng r\u1eddi<\/p>\n\t\t\t\t\t\t\t\t\t\t\t\t<\/div>\n\t\t\t\t\t\t\t\t\t\t\t<\/div>\n\t\t\t\t\t\t\t\t\t\t<\/div>\n                                        \t\t\t\t\t\t\t\t\t<\/div>\n\t\t\t\t\t\t\t\t<\/div>\n\t\t\t\t\t\t\t\t\t\t\t\t\t\t\t\t                                \t\t\t\t\t\t\t\t    \t\n\t\t\t\t\t\t\t<\/div>\n\t\t\t\t\t\t<\/div>\n\t\t\t\t\t<\/div>\n\t\t\t\t<\/div>\n\t\t\t<\/div>\n\t\t<\/div>\n\t<\/section>\t\n\t<!-- End of Service details section\n\t============================================= -->\n    \n    \t\t<\/div>\n\t\t\t\t<\/div>\n\t\t\t\t\t<\/div>\n\t\t<\/div>\n\t\t\t\t\t\t\t<\/div>\n\t\t<\/section>\n\t\t\t\t\t\t\t<\/div>","protected":false},"excerpt":{"rendered":"<p>Services Import&#038;Export Custom Clearance Consulting Green Economy Logistics 24\/7 ONLINE SUPPORT Get immediate quotes &amp; book shipment. Contact Now Logistic Novalog offers a diverse range of multimodal services, including domestic and international transportation via road, sea, and air. Through collaborative partnerships, we establish a nationwide transportation network and well-experience fleet to ensure goods are delivered [&hellip;]<\/p>","protected":false},"author":1,"featured_media":0,"parent":0,"menu_order":0,"comment_status":"closed","ping_status":"closed","template":"tpl-default-elementor.php","meta":{"footnotes":""},"class_list":["post-493","page","type-page","status-publish","hentry"],"acf":[],"yoast_head":"<!-- This site is optimized with the Yoast SEO plugin v21.7 - https:\/\/yoast.com\/wordpress\/plugins\/seo\/ -->\n<title>Logistic - Website Novalog<\/title>\n<meta name=\"description\" content=\"Novalog - trang web h\u00e0ng h\u00f3a \u0111a d\u1ea1ng, cung c\u1ea5p d\u1ecbch v\u1ee5 v\u1eadn chuy\u1ec3n \u0111\u00e1ng tin c\u1eady, k\u1ebft n\u1ed1i n\u1ed9i \u0111\u1ecba v\u00e0 qu\u1ed1c t\u1ebf\" \/>\n<meta name=\"robots\" content=\"index, follow, max-snippet:-1, max-image-preview:large, max-video-preview:-1\" \/>\n<link rel=\"canonical\" href=\"https:\/\/novalog.vn\/vi\/logistic\/\" \/>\n<meta property=\"og:locale\" content=\"vi_VN\" \/>\n<meta property=\"og:type\" content=\"article\" \/>\n<meta property=\"og:title\" content=\"Logistic - Website Novalog\" \/>\n<meta property=\"og:description\" content=\"Novalog - trang web h\u00e0ng h\u00f3a \u0111a d\u1ea1ng, cung c\u1ea5p d\u1ecbch v\u1ee5 v\u1eadn chuy\u1ec3n \u0111\u00e1ng tin c\u1eady, k\u1ebft n\u1ed1i n\u1ed9i \u0111\u1ecba v\u00e0 qu\u1ed1c t\u1ebf\" \/>\n<meta property=\"og:url\" content=\"https:\/\/novalog.vn\/vi\/logistic\/\" \/>\n<meta property=\"og:site_name\" content=\"Website Novalog\" \/>\n<meta property=\"article:modified_time\" content=\"2024-01-08T08:26:36+00:00\" \/>\n<meta property=\"og:image\" content=\"https:\/\/novalog.vn\/wp-content\/uploads\/2021\/10\/sd1-jpg.webp\" \/>\n<meta name=\"twitter:card\" content=\"summary_large_image\" \/>\n<meta name=\"twitter:label1\" content=\"\u01af\u1edbc t\u00ednh th\u1eddi gian \u0111\u1ecdc\" \/>\n\t<meta name=\"twitter:data1\" content=\"2 ph\u00fat\" \/>\n<script type=\"application\/ld+json\" class=\"yoast-schema-graph\">{\"@context\":\"https:\/\/schema.org\",\"@graph\":[{\"@type\":\"WebPage\",\"@id\":\"https:\/\/novalog.vn\/logistic\/\",\"url\":\"https:\/\/novalog.vn\/logistic\/\",\"name\":\"Logistic - Website Novalog\",\"isPartOf\":{\"@id\":\"https:\/\/novalog.vn\/#website\"},\"datePublished\":\"2021-10-04T12:58:33+00:00\",\"dateModified\":\"2024-01-08T08:26:36+00:00\",\"description\":\"Novalog - trang web h\u00e0ng h\u00f3a \u0111a d\u1ea1ng, cung c\u1ea5p d\u1ecbch v\u1ee5 v\u1eadn chuy\u1ec3n \u0111\u00e1ng tin c\u1eady, k\u1ebft n\u1ed1i n\u1ed9i \u0111\u1ecba v\u00e0 qu\u1ed1c t\u1ebf\",\"breadcrumb\":{\"@id\":\"https:\/\/novalog.vn\/logistic\/#breadcrumb\"},\"inLanguage\":\"vi\",\"potentialAction\":[{\"@type\":\"ReadAction\",\"target\":[\"https:\/\/novalog.vn\/logistic\/\"]}]},{\"@type\":\"BreadcrumbList\",\"@id\":\"https:\/\/novalog.vn\/logistic\/#breadcrumb\",\"itemListElement\":[{\"@type\":\"ListItem\",\"position\":1,\"name\":\"Home\",\"item\":\"https:\/\/novalog.vn\/\"},{\"@type\":\"ListItem\",\"position\":2,\"name\":\"Logistic\"}]},{\"@type\":\"WebSite\",\"@id\":\"https:\/\/novalog.vn\/#website\",\"url\":\"https:\/\/novalog.vn\/\",\"name\":\"Website novalog\",\"description\":\"M\u1ed9t trang web m\u1edbi s\u1eed d\u1ee5ng WordPress.\",\"publisher\":{\"@id\":\"https:\/\/novalog.vn\/#organization\"},\"potentialAction\":[{\"@type\":\"SearchAction\",\"target\":{\"@type\":\"EntryPoint\",\"urlTemplate\":\"https:\/\/novalog.vn\/?s={search_term_string}\"},\"query-input\":\"required name=search_term_string\"}],\"inLanguage\":\"vi\"},{\"@type\":\"Organization\",\"@id\":\"https:\/\/novalog.vn\/#organization\",\"name\":\"Website novalog\",\"url\":\"https:\/\/novalog.vn\/\",\"logo\":{\"@type\":\"ImageObject\",\"inLanguage\":\"vi\",\"@id\":\"https:\/\/novalog.vn\/#\/schema\/logo\/image\/\",\"url\":\"https:\/\/novalog.vn\/wp-content\/uploads\/2023\/12\/logo-2.webp\",\"contentUrl\":\"https:\/\/novalog.vn\/wp-content\/uploads\/2023\/12\/logo-2.webp\",\"width\":239,\"height\":238,\"caption\":\"Website novalog\"},\"image\":{\"@id\":\"https:\/\/novalog.vn\/#\/schema\/logo\/image\/\"}}]}<\/script>\n<!-- \/ Yoast SEO plugin. -->","yoast_head_json":{"title":"Logistic - Website Novalog","description":"Novalog - trang web h\u00e0ng h\u00f3a \u0111a d\u1ea1ng, cung c\u1ea5p d\u1ecbch v\u1ee5 v\u1eadn chuy\u1ec3n \u0111\u00e1ng tin c\u1eady, k\u1ebft n\u1ed1i n\u1ed9i \u0111\u1ecba v\u00e0 qu\u1ed1c t\u1ebf","robots":{"index":"index","follow":"follow","max-snippet":"max-snippet:-1","max-image-preview":"max-image-preview:large","max-video-preview":"max-video-preview:-1"},"canonical":"https:\/\/novalog.vn\/vi\/logistic\/","og_locale":"vi_VN","og_type":"article","og_title":"Logistic - Website Novalog","og_description":"Novalog - trang web h\u00e0ng h\u00f3a \u0111a d\u1ea1ng, cung c\u1ea5p d\u1ecbch v\u1ee5 v\u1eadn chuy\u1ec3n \u0111\u00e1ng tin c\u1eady, k\u1ebft n\u1ed1i n\u1ed9i \u0111\u1ecba v\u00e0 qu\u1ed1c t\u1ebf","og_url":"https:\/\/novalog.vn\/vi\/logistic\/","og_site_name":"Website Novalog","article_modified_time":"2024-01-08T08:26:36+00:00","og_image":[{"url":"https:\/\/novalog.vn\/wp-content\/uploads\/2021\/10\/sd1-jpg.webp"}],"twitter_card":"summary_large_image","twitter_misc":{"\u01af\u1edbc t\u00ednh th\u1eddi gian \u0111\u1ecdc":"2 ph\u00fat"},"schema":{"@context":"https:\/\/schema.org","@graph":[{"@type":"WebPage","@id":"https:\/\/novalog.vn\/logistic\/","url":"https:\/\/novalog.vn\/logistic\/","name":"Logistic - Website Novalog","isPartOf":{"@id":"https:\/\/novalog.vn\/#website"},"datePublished":"2021-10-04T12:58:33+00:00","dateModified":"2024-01-08T08:26:36+00:00","description":"Novalog - trang web h\u00e0ng h\u00f3a \u0111a d\u1ea1ng, cung c\u1ea5p d\u1ecbch v\u1ee5 v\u1eadn chuy\u1ec3n \u0111\u00e1ng tin c\u1eady, k\u1ebft n\u1ed1i n\u1ed9i \u0111\u1ecba v\u00e0 qu\u1ed1c t\u1ebf","breadcrumb":{"@id":"https:\/\/novalog.vn\/logistic\/#breadcrumb"},"inLanguage":"vi","potentialAction":[{"@type":"ReadAction","target":["https:\/\/novalog.vn\/logistic\/"]}]},{"@type":"BreadcrumbList","@id":"https:\/\/novalog.vn\/logistic\/#breadcrumb","itemListElement":[{"@type":"ListItem","position":1,"name":"Home","item":"https:\/\/novalog.vn\/"},{"@type":"ListItem","position":2,"name":"Logistic"}]},{"@type":"WebSite","@id":"https:\/\/novalog.vn\/#website","url":"https:\/\/novalog.vn\/","name":"Website novalog","description":"M\u1ed9t trang web m\u1edbi s\u1eed d\u1ee5ng WordPress.","publisher":{"@id":"https:\/\/novalog.vn\/#organization"},"potentialAction":[{"@type":"SearchAction","target":{"@type":"EntryPoint","urlTemplate":"https:\/\/novalog.vn\/?s={search_term_string}"},"query-input":"required name=search_term_string"}],"inLanguage":"vi"},{"@type":"Organization","@id":"https:\/\/novalog.vn\/#organization","name":"Website novalog","url":"https:\/\/novalog.vn\/","logo":{"@type":"ImageObject","inLanguage":"vi","@id":"https:\/\/novalog.vn\/#\/schema\/logo\/image\/","url":"https:\/\/novalog.vn\/wp-content\/uploads\/2023\/12\/logo-2.webp","contentUrl":"https:\/\/novalog.vn\/wp-content\/uploads\/2023\/12\/logo-2.webp","width":239,"height":238,"caption":"Website novalog"},"image":{"@id":"https:\/\/novalog.vn\/#\/schema\/logo\/image\/"}}]}},"_links":{"self":[{"href":"https:\/\/novalog.vn\/vi\/wp-json\/wp\/v2\/pages\/493","targetHints":{"allow":["GET"]}}],"collection":[{"href":"https:\/\/novalog.vn\/vi\/wp-json\/wp\/v2\/pages"}],"about":[{"href":"https:\/\/novalog.vn\/vi\/wp-json\/wp\/v2\/types\/page"}],"author":[{"embeddable":true,"href":"https:\/\/novalog.vn\/vi\/wp-json\/wp\/v2\/users\/1"}],"replies":[{"embeddable":true,"href":"https:\/\/novalog.vn\/vi\/wp-json\/wp\/v2\/comments?post=493"}],"version-history":[{"count":5,"href":"https:\/\/novalog.vn\/vi\/wp-json\/wp\/v2\/pages\/493\/revisions"}],"predecessor-version":[{"id":3381,"href":"https:\/\/novalog.vn\/vi\/wp-json\/wp\/v2\/pages\/493\/revisions\/3381"}],"wp:attachment":[{"href":"https:\/\/novalog.vn\/vi\/wp-json\/wp\/v2\/media?parent=493"}],"curies":[{"name":"wp","href":"https:\/\/api.w.org\/{rel}","templated":true}]}}