{"id":430,"date":"2021-10-04T08:22:44","date_gmt":"2021-10-04T08:22:44","guid":{"rendered":"https:\/\/themexriver.com\/wp\/fastrans\/?page_id=430"},"modified":"2025-09-04T09:11:33","modified_gmt":"2025-09-04T02:11:33","slug":"about","status":"publish","type":"page","link":"https:\/\/novalog.vn\/vi\/about\/","title":{"rendered":"V\u1ec1 ch\u00fang t\u00f4i"},"content":{"rendered":"<div data-elementor-type=\"wp-page\" data-elementor-id=\"430\" class=\"elementor elementor-430\" data-elementor-post-type=\"page\">\n\t\t\t\t\t\t\t\t\t<section class=\"elementor-section elementor-top-section elementor-element elementor-element-231da23 elementor-section-full_width elementor-section-height-default elementor-section-height-default\" data-id=\"231da23\" data-element_type=\"section\">\n\t\t\t\t\t\t<div class=\"elementor-container elementor-column-gap-default\">\n\t\t\t\t\t<div class=\"elementor-column elementor-col-100 elementor-top-column elementor-element elementor-element-5ef2a3a\" data-id=\"5ef2a3a\" data-element_type=\"column\">\n\t\t\t<div class=\"elementor-widget-wrap elementor-element-populated\">\n\t\t\t\t\t\t\t\t<div class=\"elementor-element elementor-element-b606a99 elementor-widget elementor-widget-fastrans_about_us_v2\" data-id=\"b606a99\" data-element_type=\"widget\" data-widget_type=\"fastrans_about_us_v2.default\">\n\t\t\t\t<div class=\"elementor-widget-container\">\n\t\t\t\t\n    <!-- Start of About section\n\t============================================= -->\n\t<section id=\"ft-about\" class=\"ft-about-section\">\n\t\t<div class=\"container\">\n\t\t\t<div class=\"ft-about-content\">\n\t\t\t\t<div class=\"row\">\n\t\t\t\t\t<div class=\"col-lg-6 wow fadeInLeft\" data-wow-delay=\"0ms\" data-wow-duration=\"1500ms\">\n\t\t\t\t\t\t<div class=\"ft-about-img-exp position-relative\">\n\t\t\t\t\t\t\t                            <div class=\"ft-about-exp-area headline pera-content position-absolute\">\n\t\t\t\t\t\t\t\t<div class=\"ft-about-exp-img\">\n\t\t\t\t\t\t\t\t\t<img decoding=\"async\" src=\"https:\/\/novalog.vn\/wp-content\/themes\/fastrans\/assets\/images\/shape\/exp-sh1.png\" alt=\"Awesome Image\">\n\t\t\t\t\t\t\t\t<\/div>\n\t\t\t\t\t\t\t\t<div class=\"ft-about-exp-text position-absolute\">\n\t\t\t\t\t\t\t\t\t<h3><span class=\"counter\">20<\/span><b>+<\/b> N\u0103m<\/h3>\n\t\t\t\t\t\t\t\t\t<p>Nh\u00e2n s\u1ef1 tr\u00ean 20 n\u0103m kinh nghi\u1ec7m trong ng\u00e0nh<\/p>\t\t\t\t\t\t\t\t<\/div>\n\t\t\t\t\t\t\t<\/div>\n                            \t\t\t\t\t\t\t                            <div class=\"ft-about-img\">\n                                <img decoding=\"async\" src=\"https:\/\/novalog.vn\/wp-content\/uploads\/2024\/01\/man-wt-logo.webp\" alt=\"Awesome Image\">\n                            <\/div>\n                            \t\t\t\t\t\t<\/div>\n\t\t\t\t\t<\/div>\n\t\t\t\t\t<div class=\"col-lg-6\">\n\t\t\t\t\t\t<div class=\"ft-about-text-wrapper\">\n\t\t\t\t\t\t\t                            <div class=\"ft-section-title headline pera-content\">\n\t\t\t\t\t\t\t\t<span class=\"sub-title\">V\u1ec1 C\u00f4ng Ty<\/span>\t\t\t\t\t\t\t\t<h2>C\u00f4ng ty logistics v\u00e0 kinh t\u1ebf xanh v\u1edbi gi\u1ea3i ph\u00e1p ch\u1ea5t l\u01b0\u1ee3ng v\u00e0 h\u00e0i h\u00f2a<\/h2>\t\t\t\t\t\t\t\t<p>V\u1edbi ph\u01b0\u01a1ng ch\u00e2m c\u1ed9ng h\u01b0\u1edfng l\u1ee3i \u00edch c\u00f9ng kh\u00e1ch h\u00e0ng v\u00e0 \u0111\u1ed1i t\u00e1c, Novalog lu\u00f4n c\u1ed1 g\u1eafng cung c\u1ea5p c\u00e1c gi\u1ea3i ph\u00e1p mang t\u00ednh ch\u1ea5t t\u1ed5ng th\u1ec3, ch\u1ea5t l\u01b0\u1ee3ng cao, chi ph\u00ed hi\u1ec7u qu\u1ea3 <\/p>\t\t\t\t\t\t\t<\/div>\n                            \t\t\t\t\t\t\t<div class=\"ft-about-feature-list-warpper\">\n\t\t\t\t\t\t\t\t                                <div class=\"ft-about-feature-list-item d-flex align-items-center wow fadeInUp\" data-wow-delay=\"0ms\" data-wow-duration=\"1500ms\">\n\t\t\t\t\t\t\t\t\t<div class=\"ft-about-feature-icon d-flex align-items-center justify-content-center\">\n\t\t\t\t\t\t\t\t\t\t<i class=\"flaticon-worldwide\"><\/i>\n\t\t\t\t\t\t\t\t\t<\/div>\n\t\t\t\t\t\t\t\t\t<div class=\"ft-about-feature-text headline pera-content\">\n\t\t\t\t\t\t\t\t\t\t<h3>Gi\u1ea3i ph\u00e1p ph\u00f9 h\u1ee3p<\/h3>\n\t\t\t\t\t\t\t\t\t\t<p>Novalog \u0111\u1ec1 cao t\u00ednh ph\u00f9 h\u1ee3p c\u1ee7a gi\u1ea3i ph\u00e1p v\u1edbi \u0111\u1eb7c \u0111i\u1ec3m ng\u00e0nh ngh\u1ec1 c\u1ee7a kh\u00e1ch h\u00e0ng<\/p>\n\t\t\t\t\t\t\t\t\t<\/div>\n\t\t\t\t\t\t\t\t<\/div>\n                                                                <div class=\"ft-about-feature-list-item d-flex align-items-center wow fadeInUp\" data-wow-delay=\"0ms\" data-wow-duration=\"1500ms\">\n\t\t\t\t\t\t\t\t\t<div class=\"ft-about-feature-icon d-flex align-items-center justify-content-center\">\n\t\t\t\t\t\t\t\t\t\t<i class=\"flaticon-place\"><\/i>\n\t\t\t\t\t\t\t\t\t<\/div>\n\t\t\t\t\t\t\t\t\t<div class=\"ft-about-feature-text headline pera-content\">\n\t\t\t\t\t\t\t\t\t\t<h3>Gi\u1ea3i ph\u00e1p b\u1ec1n v\u1eefng<\/h3>\n\t\t\t\t\t\t\t\t\t\t<p>Y\u1ebfu t\u1ed1 th\u00e2n thi\u1ec7n m\u00f4i tr\u01b0\u1eddng v\u00e0 gi\u1ea3i ph\u00e1p b\u1ec1n v\u1eefng \u0111\u01b0\u1ee3c c\u00e2n nh\u1eafc tri\u1ec3n khai<\/p>\n\t\t\t\t\t\t\t\t\t<\/div>\n\t\t\t\t\t\t\t\t<\/div>\n                                                                \n                                \t\t\t\t\t\t\t<\/div>\n\t\t\t\t\t\t<\/div>\n\t\t\t\t\t<\/div>\n\t\t\t\t<\/div>\n\t\t\t<\/div>\n\t\t<\/div>\n\t<\/section>\n\t<!-- End of About section\n\t============================================= -->\n\n    \t\t<\/div>\n\t\t\t\t<\/div>\n\t\t\t\t\t<\/div>\n\t\t<\/div>\n\t\t\t\t\t\t\t<\/div>\n\t\t<\/section>\n\t\t\t\t<section class=\"elementor-section elementor-top-section elementor-element elementor-element-179713e elementor-section-full_width elementor-section-height-default elementor-section-height-default\" data-id=\"179713e\" data-element_type=\"section\">\n\t\t\t\t\t\t<div class=\"elementor-container elementor-column-gap-default\">\n\t\t\t\t\t<div class=\"elementor-column elementor-col-100 elementor-top-column elementor-element elementor-element-dab1161\" data-id=\"dab1161\" data-element_type=\"column\">\n\t\t\t<div class=\"elementor-widget-wrap elementor-element-populated\">\n\t\t\t\t\t\t\t\t<div class=\"elementor-element elementor-element-dc27dc2 elementor-widget elementor-widget-fastrans_our_features_v2\" data-id=\"dc27dc2\" data-element_type=\"widget\" data-widget_type=\"fastrans_our_features_v2.default\">\n\t\t\t\t<div class=\"elementor-widget-container\">\n\t\t\t\t\t\n        <!-- Start of goodness feature section\n        ============================================= -->\n        <section id=\"ft-goodness-feature\" class=\"ft-goodness-feature-section\">\n            <div class=\"container\">\n                                <div class=\"ft-section-title-2 headline pera-content text-center\">\n                    <span class=\"sub-title\">Nh\u1eefng \u0110i\u1ec3m M\u1ea1nh C\u1ee7a Ch\u00fang T\u00f4i<\/span>                    <h2>Nh\u1eefng \u0110i\u1ec1u L\u00e0m Cho Ch\u00fang T\u00f4i \u0110\u1eb7c Bi\u1ec7t<\/h2>                    <p>Ch\u00fang t\u00f4i kh\u00f4ng ng\u1eebng c\u1ea3i thi\u1ec7n ch\u1ea5t l\u01b0\u1ee3ng d\u1ecbch v\u1ee5 \u0111\u1ec3 cung c\u1ea5p c\u00e1c gi\u1ea3i ph\u00e1p ti\u00ean ti\u1ebfn cho kh\u00e1ch h\u00e0ng trong 03 l\u0129nh v\u1ef1c ch\u00ednh<\/p>                <\/div>\n                                <div class=\"ft-goodness-featured-content\">\n                    <div class=\"row\">\n                                                <div class=\"col-lg-4 col-md-6\">\n                            <div class=\"ft-goodness-featured-innerbox text-center\">\n                                <div class=\"ft-goodness-featured-icon d-flex align-items-center justify-content-center\">\n                                    <i class=\"fal icon flaticon-plane\"><\/i>\n                                <\/div>\n                                <div class=\"ft-goodness-featured-text headline pera-content\">\n                                    <h3><a href=\"https:\/\/novalog.vn\/vi\/logistic\/\">Logistics<\/a><\/h3>\n                                    <p>Gi\u1ea3i ph\u00e1p v\u1eadn chuy\u1ec3n v\u00e0 giao h\u00e0ng linh ho\u1ea1t, \u0111\u01b0\u1ee3c \u0111i\u1ec1u ch\u1ec9nh ph\u00f9 h\u1ee3p v\u1edbi t\u1eebng kh\u00e1ch h\u00e0ng, cung c\u1ea5p c\u00e1c d\u1ecbch v\u1ee5 \u0111a d\u1ea1ng nh\u01b0 .. <\/p>\n                                <\/div>\n                            <\/div>\n                        <\/div>\n                                                <div class=\"col-lg-4 col-md-6\">\n                            <div class=\"ft-goodness-featured-innerbox text-center\">\n                                <div class=\"ft-goodness-featured-icon d-flex align-items-center justify-content-center\">\n                                    <i class=\"fal icon flaticon-pricing\"><\/i>\n                                <\/div>\n                                <div class=\"ft-goodness-featured-text headline pera-content\">\n                                    <h3><a href=\"https:\/\/novalog.vn\/vi\/green-economy\/\">Kinh t\u1ebf xanh<\/a><\/h3>\n                                    <p>C\u00e1c gi\u1ea3i ph\u00e1p \u0111\u1ec3 h\u1ed7 tr\u1ee3 doanh nghi\u1ec7p \u0111\u0103ng k\u00fd t\u00edn ch\u1ec9 carbon, ph\u00e2n ph\u1ed1i c\u00e1c t\u00edn ch\u1ec9 carbon (CERs). <\/p>\n                                <\/div>\n                            <\/div>\n                        <\/div>\n                                                <div class=\"col-lg-4 col-md-6\">\n                            <div class=\"ft-goodness-featured-innerbox text-center\">\n                                <div class=\"ft-goodness-featured-icon d-flex align-items-center justify-content-center\">\n                                    <i class=\"fal icon flaticon-community\"><\/i>\n                                <\/div>\n                                <div class=\"ft-goodness-featured-text headline pera-content\">\n                                    <h3><a href=\"https:\/\/novalog.vn\/vi\/consulting\/\">T\u01b0 v\u1ea5n gi\u1ea3i ph\u00e1p<\/a><\/h3>\n                                    <p>D\u1ecbch v\u1ee5 t\u01b0 v\u1ea5n cho doanh nghi\u1ec7p trong qu\u1ea3n l\u00fd chu\u1ed7i cung \u1ee9ng, t\u01b0 v\u1ea5n gi\u1ea3m ph\u00e1t th\u1ea3i, v\u00e0 nh\u1eefng d\u1ecbch v\u1ee5 to\u00e0n di\u1ec7n kh\u00e1c... <\/p>\n                                <\/div>\n                            <\/div>\n                        <\/div>\n                                            <\/div>\n                <\/div>\n            <\/div>\n        <\/section>\n        <!-- End of goodness feature section\n        ============================================= -->\n                           \n        \t\t<\/div>\n\t\t\t\t<\/div>\n\t\t\t\t\t<\/div>\n\t\t<\/div>\n\t\t\t\t\t\t\t<\/div>\n\t\t<\/section>\n\t\t\t\t<section class=\"elementor-section elementor-top-section elementor-element elementor-element-4068b02b elementor-section-full_width elementor-section-height-default elementor-section-height-default\" data-id=\"4068b02b\" data-element_type=\"section\">\n\t\t\t\t\t\t<div class=\"elementor-container elementor-column-gap-default\">\n\t\t\t\t\t<div class=\"elementor-column elementor-col-100 elementor-top-column elementor-element elementor-element-1cdcb2f8\" data-id=\"1cdcb2f8\" data-element_type=\"column\">\n\t\t\t<div class=\"elementor-widget-wrap elementor-element-populated\">\n\t\t\t\t\t\t\t\t<div class=\"elementor-element elementor-element-f971c13 elementor-widget elementor-widget-fastrans_contact_us\" data-id=\"f971c13\" data-element_type=\"widget\" data-widget_type=\"fastrans_contact_us.default\">\n\t\t\t\t<div class=\"elementor-widget-container\">\n\t\t\t\t\n    <!-- Start of contact page section\n\t============================================= -->\n\t<section id=\"ft-contact-page\" class=\"ft-contact-page-section page-padding\">\n\t\t<div class=\"container\">\n\t\t\t<div class=\"ft-contact-page-content\">\n\t\t\t\t<div class=\"row\">\n\t\t\t\t\t<div class=\"col-lg-6\">\n\t\t\t\t\t\t<div class=\"ft-contact-page-text-wrapper\">\n\t\t\t\t\t\t\t                            <div class=\"ft-section-title-2 headline pera-content\">\n\t\t\t\t\t\t\t\t<span class=\"sub-title\">Nh\u1eadn b\u00e1o gi\u00e1<\/span>\t\t\t\t\t\t\t\t<h2>Li\u00ean h\u1ec7 v\u1edbi ch\u00fang t\u00f4i v\u00e0 ch\u00fang t\u00f4i s\u1ebd gi\u00fap doanh nghi\u1ec7p c\u1ee7a b\u1ea1n<\/h2>\t\t\t\t\t\t\t<\/div>\n\t\t\t\t\t\t\t                            <div class=\"ft-contact-page-contact-info\">\n\t\t\t\t\t\t\t\t                                <div class=\"ft-contact-cta-items d-flex\">\n\t\t\t\t\t\t\t\t\t<div class=\"ft-contact-cta-icon d-flex align-items-center justify-content-center\">\n\t\t\t\t\t\t\t\t\t\t<i class=\"fal fa-map-marker-alt\"><\/i>\n\t\t\t\t\t\t\t\t\t<\/div>\n\t\t\t\t\t\t\t\t\t<div class=\"ft-contact-cta-text headline pera-content\">\n\t\t\t\t\t\t\t\t\t\t<h3>\u0110\u1ecba ch\u1ec9 v\u0103n ph\u00f2ng<\/h3>\n\t\t\t\t\t\t\t\t\t\t<p>Bi\u1ec7t th\u1ef1 DP 59, Dragon Parc 2, KDC Ph\u00fa Long - Ph\u01b0\u1edbc Ki\u1ec3n - Nh\u00e0 B\u00e8 - Th\u00e0nh ph\u1ed1 H\u1ed3 Ch\u00ed Minh<\/p>\t\t\t\t\t\t\t\t\t<\/div>\n\t\t\t\t\t\t\t\t<\/div>\n                                                                <div class=\"ft-contact-cta-items d-flex\">\n\t\t\t\t\t\t\t\t\t<div class=\"ft-contact-cta-icon d-flex align-items-center justify-content-center\">\n\t\t\t\t\t\t\t\t\t\t<i class=\"fal fa-phone-alt\"><\/i>\n\t\t\t\t\t\t\t\t\t<\/div>\n\t\t\t\t\t\t\t\t\t<div class=\"ft-contact-cta-text headline pera-content\">\n\t\t\t\t\t\t\t\t\t\t<h3>S\u1ed1 \u0111i\u1ec7n tho\u1ea1i<\/h3>\n\t\t\t\t\t\t\t\t\t\t<a href=\"tel:0902077812\">0902077812<\/a>\t\t\t\t\t\t\t\t\t<\/div>\n\t\t\t\t\t\t\t\t<\/div>\n                                                                <div class=\"ft-contact-cta-items d-flex\">\n\t\t\t\t\t\t\t\t\t<div class=\"ft-contact-cta-icon d-flex align-items-center justify-content-center\">\n\t\t\t\t\t\t\t\t\t\t<i class=\"fal fa-mail-bulk\"><\/i>\n\t\t\t\t\t\t\t\t\t<\/div>\n\t\t\t\t\t\t\t\t\t<div class=\"ft-contact-cta-text headline pera-content\">\n\t\t\t\t\t\t\t\t\t\t<h3>\u0110\u1ecba ch\u1ec9 Mail<\/h3>\n\t\t\t\t\t\t\t\t\t\t<p><a href=\"mailto:info@novalog.vn\">info@novalog.vn<\/a><\/p>\t\t\t\t\t\t\t\t\t<\/div>\n\t\t\t\t\t\t\t\t<\/div>\n                                \t\t\t\t\t\t\t<\/div>\n\t\t\t\t\t\t<\/div>\n\t\t\t\t\t<\/div>\n\t\t\t\t\t<div class=\"col-lg-6\">\n\t\t\t\t\t\t<div class=\"ft-contact-page-form-wrapper headline\">\n\t\t\t\t\t\t\t<h3 class=\"text-center\">Nh\u1eadn b\u00e1o gi\u00e1<\/h3>                            \n<div class=\"wpcf7 no-js\" id=\"wpcf7-f1013-o1\" lang=\"en-US\" dir=\"ltr\">\n<div class=\"screen-reader-response\"><p role=\"status\" aria-live=\"polite\" aria-atomic=\"true\"><\/p> <ul><\/ul><\/div>\n<form action=\"\/vi\/wp-json\/wp\/v2\/pages\/430#wpcf7-f1013-o1\" method=\"post\" class=\"wpcf7-form init\" aria-label=\"Contact form\" novalidate=\"novalidate\" data-status=\"init\" data-trp-original-action=\"\/vi\/wp-json\/wp\/v2\/pages\/430#wpcf7-f1013-o1\">\n<div style=\"display: none;\">\n<input type=\"hidden\" name=\"_wpcf7\" value=\"1013\" \/>\n<input type=\"hidden\" name=\"_wpcf7_version\" value=\"5.8.5\" \/>\n<input type=\"hidden\" name=\"_wpcf7_locale\" value=\"en_US\" \/>\n<input type=\"hidden\" name=\"_wpcf7_unit_tag\" value=\"wpcf7-f1013-o1\" \/>\n<input type=\"hidden\" name=\"_wpcf7_container_post\" value=\"0\" \/>\n<input type=\"hidden\" name=\"_wpcf7_posted_data_hash\" value=\"\" \/>\n<\/div>\n<div class=\"row\">\n\t<div class=\"col-lg-6\">\n\t\t<p><span class=\"wpcf7-form-control-wrap\" data-name=\"Name\"><input size=\"40\" class=\"wpcf7-form-control wpcf7-text wpcf7-validates-as-required\" aria-required=\"true\" aria-invalid=\"false\" placeholder=\"H\u1ecd v\u00e0 t\u00ean\" value=\"\" type=\"text\" name=\"Name\" \/><\/span>\n\t\t<\/p>\n\t<\/div>\n\t<div class=\"col-lg-6\">\n\t\t<p><span class=\"wpcf7-form-control-wrap\" data-name=\"Email\"><input size=\"40\" class=\"wpcf7-form-control wpcf7-email wpcf7-validates-as-required wpcf7-text wpcf7-validates-as-email\" aria-required=\"true\" aria-invalid=\"false\" placeholder=\"Email\" value=\"\" type=\"email\" name=\"Email\" \/><\/span>\n\t\t<\/p>\n\t<\/div>\n\t<div class=\"col-lg-6\">\n\t\t<p><span class=\"wpcf7-form-control-wrap\" data-name=\"Phone-Number\"><input size=\"40\" class=\"wpcf7-form-control wpcf7-text\" aria-invalid=\"false\" placeholder=\"S\u1ed1 \u0111i\u1ec7n tho\u1ea1i li\u00ean h\u1ec7\" value=\"\" type=\"text\" name=\"Phone-Number\" \/><\/span>\n\t\t<\/p>\n\t<\/div>\n\t<div class=\"col-lg-6\">\n\t\t<p><span class=\"wpcf7-form-control-wrap\" data-name=\"Company-Organization\"><input size=\"40\" class=\"wpcf7-form-control wpcf7-text\" aria-invalid=\"false\" placeholder=\"T\u00ean doanh nghi\u1ec7p, t\u1ed5 ch\u1ee9c\" value=\"\" type=\"text\" name=\"Company-Organization\" \/><\/span>\n\t\t<\/p>\n\t<\/div>\n\t<div class=\"col-lg-12\">\n\t\t<p><span class=\"wpcf7-form-control-wrap\" data-name=\"Interested-Service\"><select class=\"wpcf7-form-control wpcf7-select wpcf7-validates-as-required\" aria-required=\"true\" aria-invalid=\"false\" name=\"Interested-Service\"><option value=\"\">D\u1ecbch v\u1ee5 quan t\u00e2m<\/option><option value=\"Logistics\">Logistics<\/option><option value=\"Green Business\">Kinh t\u1ebf xanh<\/option><option value=\"Other Services\">T\u01b0 v\u1ea5n kh\u00e1c<\/option><\/select><\/span>\n\t\t<\/p>\n\t<\/div>\n\t<div class=\"col-lg-12\">\n\t\t<p><span class=\"wpcf7-form-control-wrap\" data-name=\"Message\"><textarea cols=\"40\" rows=\"10\" class=\"wpcf7-form-control wpcf7-textarea\" aria-invalid=\"false\" placeholder=\"N\u1ed9i dung c\u1ee5 th\u1ec3\" name=\"Message\"><\/textarea><\/span>\n\t\t<\/p>\n\t<\/div>\n\t<div class=\"col-lg-12\">\n\t\t<p><span class=\"wpcf7-form-control-wrap\" data-name=\"Feedback\"><select class=\"wpcf7-form-control wpcf7-select wpcf7-validates-as-required\" aria-required=\"true\" aria-invalid=\"false\" name=\"Feedback\"><option value=\"\">H\u00ecnh th\u1ee9c ph\u1ea3n h\u1ed3i \u01b0u ti\u00ean<\/option><option value=\"Email\">Email<\/option><option value=\"Call\">Cu\u1ed9c g\u1ecdi<\/option><option value=\"SMS\">SMS<\/option><\/select><\/span>\n\t\t<\/p>\n\t<\/div>\n\t<div class=\"col-lg-12\">\n\t\t<p><button> \u0110\u1eb7t l\u1ecbch h\u1eb9n<\/button>\n\t\t<\/p>\n\t<\/div>\n<\/div><div class=\"wpcf7-response-output\" aria-hidden=\"true\"><\/div>\n<input type=\"hidden\" name=\"trp-form-language\" value=\"vi\"\/><\/form>\n<\/div>\n\t\t\t\t\t\t<\/div>\n\t\t\t\t\t<\/div>\n\t\t\t\t<\/div>\n\t\t\t<\/div>\n\t\t<\/div>\n\t<\/section>\t\t\n\t<!-- End of contact page section\n\t============================================= -->\n\t\t\n    \t\t<\/div>\n\t\t\t\t<\/div>\n\t\t\t\t\t<\/div>\n\t\t<\/div>\n\t\t\t\t\t\t\t<\/div>\n\t\t<\/section>\n\t\t\t\t\t\t\t<\/div>","protected":false},"excerpt":{"rendered":"<p>20+ Years Staff with over 20 years of experience About Company A logistics and green business company offering quality and harmonious solutions For mutual benefits of customers and partners, Novalog continually strives to provide comprehensive, high-quality, cost-effective solutions. Tailored Solutions Novalog prioritizes the suitability of solutions to the specific industry characteristics of its clients. Sustainable [&hellip;]<\/p>","protected":false},"author":1,"featured_media":0,"parent":0,"menu_order":0,"comment_status":"closed","ping_status":"closed","template":"","meta":{"footnotes":""},"class_list":["post-430","page","type-page","status-publish","hentry"],"acf":[],"yoast_head":"<!-- This site is optimized with the Yoast SEO plugin v21.7 - https:\/\/yoast.com\/wordpress\/plugins\/seo\/ -->\n<title>About - Website Novalog<\/title>\n<meta name=\"description\" content=\"Novalog - trang web h\u00e0ng h\u00f3a \u0111a d\u1ea1ng, cung c\u1ea5p d\u1ecbch v\u1ee5 v\u1eadn chuy\u1ec3n \u0111\u00e1ng tin c\u1eady, k\u1ebft n\u1ed1i n\u1ed9i \u0111\u1ecba v\u00e0 qu\u1ed1c t\u1ebf\" \/>\n<meta name=\"robots\" content=\"index, follow, max-snippet:-1, max-image-preview:large, max-video-preview:-1\" \/>\n<link rel=\"canonical\" href=\"https:\/\/novalog.vn\/vi\/about\/\" \/>\n<meta property=\"og:locale\" content=\"vi_VN\" \/>\n<meta property=\"og:type\" content=\"article\" \/>\n<meta property=\"og:title\" content=\"About - Website Novalog\" \/>\n<meta property=\"og:description\" content=\"Novalog - trang web h\u00e0ng h\u00f3a \u0111a d\u1ea1ng, cung c\u1ea5p d\u1ecbch v\u1ee5 v\u1eadn chuy\u1ec3n \u0111\u00e1ng tin c\u1eady, k\u1ebft n\u1ed1i n\u1ed9i \u0111\u1ecba v\u00e0 qu\u1ed1c t\u1ebf\" \/>\n<meta property=\"og:url\" content=\"https:\/\/novalog.vn\/vi\/about\/\" \/>\n<meta property=\"og:site_name\" content=\"Website Novalog\" \/>\n<meta property=\"article:modified_time\" content=\"2025-09-04T02:11:33+00:00\" \/>\n<meta property=\"og:image\" content=\"https:\/\/novalog.vn\/wp-content\/themes\/fastrans\/assets\/images\/shape\/exp-sh1.png\" \/>\n<meta name=\"twitter:card\" content=\"summary_large_image\" \/>\n<meta name=\"twitter:label1\" content=\"\u01af\u1edbc t\u00ednh th\u1eddi gian \u0111\u1ecdc\" \/>\n\t<meta name=\"twitter:data1\" content=\"2 ph\u00fat\" \/>\n<script type=\"application\/ld+json\" class=\"yoast-schema-graph\">{\"@context\":\"https:\/\/schema.org\",\"@graph\":[{\"@type\":\"WebPage\",\"@id\":\"https:\/\/novalog.vn\/about\/\",\"url\":\"https:\/\/novalog.vn\/about\/\",\"name\":\"About - Website Novalog\",\"isPartOf\":{\"@id\":\"https:\/\/novalog.vn\/#website\"},\"datePublished\":\"2021-10-04T08:22:44+00:00\",\"dateModified\":\"2025-09-04T02:11:33+00:00\",\"description\":\"Novalog - trang web h\u00e0ng h\u00f3a \u0111a d\u1ea1ng, cung c\u1ea5p d\u1ecbch v\u1ee5 v\u1eadn chuy\u1ec3n \u0111\u00e1ng tin c\u1eady, k\u1ebft n\u1ed1i n\u1ed9i \u0111\u1ecba v\u00e0 qu\u1ed1c t\u1ebf\",\"breadcrumb\":{\"@id\":\"https:\/\/novalog.vn\/about\/#breadcrumb\"},\"inLanguage\":\"vi\",\"potentialAction\":[{\"@type\":\"ReadAction\",\"target\":[\"https:\/\/novalog.vn\/about\/\"]}]},{\"@type\":\"BreadcrumbList\",\"@id\":\"https:\/\/novalog.vn\/about\/#breadcrumb\",\"itemListElement\":[{\"@type\":\"ListItem\",\"position\":1,\"name\":\"Home\",\"item\":\"https:\/\/novalog.vn\/\"},{\"@type\":\"ListItem\",\"position\":2,\"name\":\"About\"}]},{\"@type\":\"WebSite\",\"@id\":\"https:\/\/novalog.vn\/#website\",\"url\":\"https:\/\/novalog.vn\/\",\"name\":\"Website novalog\",\"description\":\"M\u1ed9t trang web m\u1edbi s\u1eed d\u1ee5ng WordPress.\",\"publisher\":{\"@id\":\"https:\/\/novalog.vn\/#organization\"},\"potentialAction\":[{\"@type\":\"SearchAction\",\"target\":{\"@type\":\"EntryPoint\",\"urlTemplate\":\"https:\/\/novalog.vn\/?s={search_term_string}\"},\"query-input\":\"required name=search_term_string\"}],\"inLanguage\":\"vi\"},{\"@type\":\"Organization\",\"@id\":\"https:\/\/novalog.vn\/#organization\",\"name\":\"Website novalog\",\"url\":\"https:\/\/novalog.vn\/\",\"logo\":{\"@type\":\"ImageObject\",\"inLanguage\":\"vi\",\"@id\":\"https:\/\/novalog.vn\/#\/schema\/logo\/image\/\",\"url\":\"https:\/\/novalog.vn\/wp-content\/uploads\/2023\/12\/logo-2.webp\",\"contentUrl\":\"https:\/\/novalog.vn\/wp-content\/uploads\/2023\/12\/logo-2.webp\",\"width\":239,\"height\":238,\"caption\":\"Website novalog\"},\"image\":{\"@id\":\"https:\/\/novalog.vn\/#\/schema\/logo\/image\/\"}}]}<\/script>\n<!-- \/ Yoast SEO plugin. -->","yoast_head_json":{"title":"About - Website Novalog","description":"Novalog - trang web h\u00e0ng h\u00f3a \u0111a d\u1ea1ng, cung c\u1ea5p d\u1ecbch v\u1ee5 v\u1eadn chuy\u1ec3n \u0111\u00e1ng tin c\u1eady, k\u1ebft n\u1ed1i n\u1ed9i \u0111\u1ecba v\u00e0 qu\u1ed1c t\u1ebf","robots":{"index":"index","follow":"follow","max-snippet":"max-snippet:-1","max-image-preview":"max-image-preview:large","max-video-preview":"max-video-preview:-1"},"canonical":"https:\/\/novalog.vn\/vi\/about\/","og_locale":"vi_VN","og_type":"article","og_title":"About - Website Novalog","og_description":"Novalog - trang web h\u00e0ng h\u00f3a \u0111a d\u1ea1ng, cung c\u1ea5p d\u1ecbch v\u1ee5 v\u1eadn chuy\u1ec3n \u0111\u00e1ng tin c\u1eady, k\u1ebft n\u1ed1i n\u1ed9i \u0111\u1ecba v\u00e0 qu\u1ed1c t\u1ebf","og_url":"https:\/\/novalog.vn\/vi\/about\/","og_site_name":"Website Novalog","article_modified_time":"2025-09-04T02:11:33+00:00","og_image":[{"url":"https:\/\/novalog.vn\/wp-content\/themes\/fastrans\/assets\/images\/shape\/exp-sh1.png"}],"twitter_card":"summary_large_image","twitter_misc":{"\u01af\u1edbc t\u00ednh th\u1eddi gian \u0111\u1ecdc":"2 ph\u00fat"},"schema":{"@context":"https:\/\/schema.org","@graph":[{"@type":"WebPage","@id":"https:\/\/novalog.vn\/about\/","url":"https:\/\/novalog.vn\/about\/","name":"About - Website Novalog","isPartOf":{"@id":"https:\/\/novalog.vn\/#website"},"datePublished":"2021-10-04T08:22:44+00:00","dateModified":"2025-09-04T02:11:33+00:00","description":"Novalog - trang web h\u00e0ng h\u00f3a \u0111a d\u1ea1ng, cung c\u1ea5p d\u1ecbch v\u1ee5 v\u1eadn chuy\u1ec3n \u0111\u00e1ng tin c\u1eady, k\u1ebft n\u1ed1i n\u1ed9i \u0111\u1ecba v\u00e0 qu\u1ed1c t\u1ebf","breadcrumb":{"@id":"https:\/\/novalog.vn\/about\/#breadcrumb"},"inLanguage":"vi","potentialAction":[{"@type":"ReadAction","target":["https:\/\/novalog.vn\/about\/"]}]},{"@type":"BreadcrumbList","@id":"https:\/\/novalog.vn\/about\/#breadcrumb","itemListElement":[{"@type":"ListItem","position":1,"name":"Home","item":"https:\/\/novalog.vn\/"},{"@type":"ListItem","position":2,"name":"About"}]},{"@type":"WebSite","@id":"https:\/\/novalog.vn\/#website","url":"https:\/\/novalog.vn\/","name":"Website novalog","description":"M\u1ed9t trang web m\u1edbi s\u1eed d\u1ee5ng WordPress.","publisher":{"@id":"https:\/\/novalog.vn\/#organization"},"potentialAction":[{"@type":"SearchAction","target":{"@type":"EntryPoint","urlTemplate":"https:\/\/novalog.vn\/?s={search_term_string}"},"query-input":"required name=search_term_string"}],"inLanguage":"vi"},{"@type":"Organization","@id":"https:\/\/novalog.vn\/#organization","name":"Website novalog","url":"https:\/\/novalog.vn\/","logo":{"@type":"ImageObject","inLanguage":"vi","@id":"https:\/\/novalog.vn\/#\/schema\/logo\/image\/","url":"https:\/\/novalog.vn\/wp-content\/uploads\/2023\/12\/logo-2.webp","contentUrl":"https:\/\/novalog.vn\/wp-content\/uploads\/2023\/12\/logo-2.webp","width":239,"height":238,"caption":"Website novalog"},"image":{"@id":"https:\/\/novalog.vn\/#\/schema\/logo\/image\/"}}]}},"_links":{"self":[{"href":"https:\/\/novalog.vn\/vi\/wp-json\/wp\/v2\/pages\/430","targetHints":{"allow":["GET"]}}],"collection":[{"href":"https:\/\/novalog.vn\/vi\/wp-json\/wp\/v2\/pages"}],"about":[{"href":"https:\/\/novalog.vn\/vi\/wp-json\/wp\/v2\/types\/page"}],"author":[{"embeddable":true,"href":"https:\/\/novalog.vn\/vi\/wp-json\/wp\/v2\/users\/1"}],"replies":[{"embeddable":true,"href":"https:\/\/novalog.vn\/vi\/wp-json\/wp\/v2\/comments?post=430"}],"version-history":[{"count":5,"href":"https:\/\/novalog.vn\/vi\/wp-json\/wp\/v2\/pages\/430\/revisions"}],"predecessor-version":[{"id":3460,"href":"https:\/\/novalog.vn\/vi\/wp-json\/wp\/v2\/pages\/430\/revisions\/3460"}],"wp:attachment":[{"href":"https:\/\/novalog.vn\/vi\/wp-json\/wp\/v2\/media?parent=430"}],"curies":[{"name":"wp","href":"https:\/\/api.w.org\/{rel}","templated":true}]}}