{"id":1011,"date":"2021-10-08T06:06:28","date_gmt":"2021-10-08T06:06:28","guid":{"rendered":"https:\/\/themexriver.com\/wp\/fastrans\/?page_id=1011"},"modified":"2025-09-04T09:10:47","modified_gmt":"2025-09-04T02:10:47","slug":"contact","status":"publish","type":"page","link":"https:\/\/novalog.vn\/vi\/contact\/","title":{"rendered":"Li\u00ean h\u1ec7"},"content":{"rendered":"<div data-elementor-type=\"wp-page\" data-elementor-id=\"1011\" class=\"elementor elementor-1011\" data-elementor-post-type=\"page\">\n\t\t\t\t\t\t\t\t\t<section class=\"elementor-section elementor-top-section elementor-element elementor-element-f31af09 elementor-section-full_width elementor-section-height-default elementor-section-height-default\" data-id=\"f31af09\" data-element_type=\"section\">\n\t\t\t\t\t\t<div class=\"elementor-container elementor-column-gap-default\">\n\t\t\t\t\t<div class=\"elementor-column elementor-col-100 elementor-top-column elementor-element elementor-element-61d0157\" data-id=\"61d0157\" data-element_type=\"column\">\n\t\t\t<div class=\"elementor-widget-wrap elementor-element-populated\">\n\t\t\t\t\t\t\t\t<div class=\"elementor-element elementor-element-4e7a4bb elementor-widget elementor-widget-fastrans_contact_us\" data-id=\"4e7a4bb\" data-element_type=\"widget\" data-widget_type=\"fastrans_contact_us.default\">\n\t\t\t\t<div class=\"elementor-widget-container\">\n\t\t\t\t\n    <!-- Start of contact page section\n\t============================================= -->\n\t<section id=\"ft-contact-page\" class=\"ft-contact-page-section page-padding\">\n\t\t<div class=\"container\">\n\t\t\t<div class=\"ft-contact-page-content\">\n\t\t\t\t<div class=\"row\">\n\t\t\t\t\t<div class=\"col-lg-6\">\n\t\t\t\t\t\t<div class=\"ft-contact-page-text-wrapper\">\n\t\t\t\t\t\t\t                            <div class=\"ft-section-title-2 headline pera-content\">\n\t\t\t\t\t\t\t\t<span class=\"sub-title\">Nh\u1eadn b\u00e1o gi\u00e1<\/span>\t\t\t\t\t\t\t\t<h2>Li\u00ean h\u1ec7 v\u1edbi ch\u00fang t\u00f4i v\u00e0 ch\u00fang t\u00f4i s\u1ebd gi\u00fap doanh nghi\u1ec7p c\u1ee7a b\u1ea1n<\/h2>\t\t\t\t\t\t\t<\/div>\n\t\t\t\t\t\t\t                            <div class=\"ft-contact-page-contact-info\">\n\t\t\t\t\t\t\t\t                                <div class=\"ft-contact-cta-items d-flex\">\n\t\t\t\t\t\t\t\t\t<div class=\"ft-contact-cta-icon d-flex align-items-center justify-content-center\">\n\t\t\t\t\t\t\t\t\t\t<i class=\"fal fa-map-marker-alt\"><\/i>\n\t\t\t\t\t\t\t\t\t<\/div>\n\t\t\t\t\t\t\t\t\t<div class=\"ft-contact-cta-text headline pera-content\">\n\t\t\t\t\t\t\t\t\t\t<h3>\u0110\u1ecba ch\u1ec9 v\u0103n ph\u00f2ng<\/h3>\n\t\t\t\t\t\t\t\t\t\t<p>Bi\u1ec7t th\u1ef1 DP 59, Dragon Parc 2, KDC Ph\u00fa Long - Ph\u01b0\u1edbc Ki\u1ec3n - Nh\u00e0 B\u00e8 - Th\u00e0nh ph\u1ed1 H\u1ed3 Ch\u00ed Minh<\/p>\t\t\t\t\t\t\t\t\t<\/div>\n\t\t\t\t\t\t\t\t<\/div>\n                                                                <div class=\"ft-contact-cta-items d-flex\">\n\t\t\t\t\t\t\t\t\t<div class=\"ft-contact-cta-icon d-flex align-items-center justify-content-center\">\n\t\t\t\t\t\t\t\t\t\t<i class=\"fal fa-phone-alt\"><\/i>\n\t\t\t\t\t\t\t\t\t<\/div>\n\t\t\t\t\t\t\t\t\t<div class=\"ft-contact-cta-text headline pera-content\">\n\t\t\t\t\t\t\t\t\t\t<h3>S\u1ed1 \u0111i\u1ec7n tho\u1ea1i<\/h3>\n\t\t\t\t\t\t\t\t\t\t<a href=\"tel:0902077812\">0902077812<\/a>\t\t\t\t\t\t\t\t\t<\/div>\n\t\t\t\t\t\t\t\t<\/div>\n                                                                <div class=\"ft-contact-cta-items d-flex\">\n\t\t\t\t\t\t\t\t\t<div class=\"ft-contact-cta-icon d-flex align-items-center justify-content-center\">\n\t\t\t\t\t\t\t\t\t\t<i class=\"fal fa-mail-bulk\"><\/i>\n\t\t\t\t\t\t\t\t\t<\/div>\n\t\t\t\t\t\t\t\t\t<div class=\"ft-contact-cta-text headline pera-content\">\n\t\t\t\t\t\t\t\t\t\t<h3>\u0110\u1ecba ch\u1ec9 Mail<\/h3>\n\t\t\t\t\t\t\t\t\t\t<p><a href=\"mailto:info@novalog.vn\">info@novalog.vn<\/a><\/p>\t\t\t\t\t\t\t\t\t<\/div>\n\t\t\t\t\t\t\t\t<\/div>\n                                \t\t\t\t\t\t\t<\/div>\n\t\t\t\t\t\t<\/div>\n\t\t\t\t\t<\/div>\n\t\t\t\t\t<div class=\"col-lg-6\">\n\t\t\t\t\t\t<div class=\"ft-contact-page-form-wrapper headline\">\n\t\t\t\t\t\t\t<h3 class=\"text-center\">Nh\u1eadn b\u00e1o gi\u00e1<\/h3>                            \n<div class=\"wpcf7 no-js\" id=\"wpcf7-f1013-o1\" lang=\"en-US\" dir=\"ltr\">\n<div class=\"screen-reader-response\"><p role=\"status\" aria-live=\"polite\" aria-atomic=\"true\"><\/p> <ul><\/ul><\/div>\n<form action=\"\/vi\/wp-json\/wp\/v2\/pages\/1011#wpcf7-f1013-o1\" method=\"post\" class=\"wpcf7-form init\" aria-label=\"Contact form\" novalidate=\"novalidate\" data-status=\"init\" data-trp-original-action=\"\/vi\/wp-json\/wp\/v2\/pages\/1011#wpcf7-f1013-o1\">\n<div style=\"display: none;\">\n<input type=\"hidden\" name=\"_wpcf7\" value=\"1013\" \/>\n<input type=\"hidden\" name=\"_wpcf7_version\" value=\"5.8.5\" \/>\n<input type=\"hidden\" name=\"_wpcf7_locale\" value=\"en_US\" \/>\n<input type=\"hidden\" name=\"_wpcf7_unit_tag\" value=\"wpcf7-f1013-o1\" \/>\n<input type=\"hidden\" name=\"_wpcf7_container_post\" value=\"0\" \/>\n<input type=\"hidden\" name=\"_wpcf7_posted_data_hash\" value=\"\" \/>\n<\/div>\n<div class=\"row\">\n\t<div class=\"col-lg-6\">\n\t\t<p><span class=\"wpcf7-form-control-wrap\" data-name=\"Name\"><input size=\"40\" class=\"wpcf7-form-control wpcf7-text wpcf7-validates-as-required\" aria-required=\"true\" aria-invalid=\"false\" placeholder=\"H\u1ecd v\u00e0 t\u00ean\" value=\"\" type=\"text\" name=\"Name\" \/><\/span>\n\t\t<\/p>\n\t<\/div>\n\t<div class=\"col-lg-6\">\n\t\t<p><span class=\"wpcf7-form-control-wrap\" data-name=\"Email\"><input size=\"40\" class=\"wpcf7-form-control wpcf7-email wpcf7-validates-as-required wpcf7-text wpcf7-validates-as-email\" aria-required=\"true\" aria-invalid=\"false\" placeholder=\"Email\" value=\"\" type=\"email\" name=\"Email\" \/><\/span>\n\t\t<\/p>\n\t<\/div>\n\t<div class=\"col-lg-6\">\n\t\t<p><span class=\"wpcf7-form-control-wrap\" data-name=\"Phone-Number\"><input size=\"40\" class=\"wpcf7-form-control wpcf7-text\" aria-invalid=\"false\" placeholder=\"S\u1ed1 \u0111i\u1ec7n tho\u1ea1i li\u00ean h\u1ec7\" value=\"\" type=\"text\" name=\"Phone-Number\" \/><\/span>\n\t\t<\/p>\n\t<\/div>\n\t<div class=\"col-lg-6\">\n\t\t<p><span class=\"wpcf7-form-control-wrap\" data-name=\"Company-Organization\"><input size=\"40\" class=\"wpcf7-form-control wpcf7-text\" aria-invalid=\"false\" placeholder=\"T\u00ean doanh nghi\u1ec7p, t\u1ed5 ch\u1ee9c\" value=\"\" type=\"text\" name=\"Company-Organization\" \/><\/span>\n\t\t<\/p>\n\t<\/div>\n\t<div class=\"col-lg-12\">\n\t\t<p><span class=\"wpcf7-form-control-wrap\" data-name=\"Interested-Service\"><select class=\"wpcf7-form-control wpcf7-select wpcf7-validates-as-required\" aria-required=\"true\" aria-invalid=\"false\" name=\"Interested-Service\"><option value=\"\">D\u1ecbch v\u1ee5 quan t\u00e2m<\/option><option value=\"Logistics\">Logistics<\/option><option value=\"Green Business\">Kinh t\u1ebf xanh<\/option><option value=\"Other Services\">T\u01b0 v\u1ea5n kh\u00e1c<\/option><\/select><\/span>\n\t\t<\/p>\n\t<\/div>\n\t<div class=\"col-lg-12\">\n\t\t<p><span class=\"wpcf7-form-control-wrap\" data-name=\"Message\"><textarea cols=\"40\" rows=\"10\" class=\"wpcf7-form-control wpcf7-textarea\" aria-invalid=\"false\" placeholder=\"N\u1ed9i dung c\u1ee5 th\u1ec3\" name=\"Message\"><\/textarea><\/span>\n\t\t<\/p>\n\t<\/div>\n\t<div class=\"col-lg-12\">\n\t\t<p><span class=\"wpcf7-form-control-wrap\" data-name=\"Feedback\"><select class=\"wpcf7-form-control wpcf7-select wpcf7-validates-as-required\" aria-required=\"true\" aria-invalid=\"false\" name=\"Feedback\"><option value=\"\">H\u00ecnh th\u1ee9c ph\u1ea3n h\u1ed3i \u01b0u ti\u00ean<\/option><option value=\"Email\">Email<\/option><option value=\"Call\">Cu\u1ed9c g\u1ecdi<\/option><option value=\"SMS\">SMS<\/option><\/select><\/span>\n\t\t<\/p>\n\t<\/div>\n\t<div class=\"col-lg-12\">\n\t\t<p><button> \u0110\u1eb7t l\u1ecbch h\u1eb9n<\/button>\n\t\t<\/p>\n\t<\/div>\n<\/div><div class=\"wpcf7-response-output\" aria-hidden=\"true\"><\/div>\n<input type=\"hidden\" name=\"trp-form-language\" value=\"vi\"\/><\/form>\n<\/div>\n\t\t\t\t\t\t<\/div>\n\t\t\t\t\t<\/div>\n\t\t\t\t<\/div>\n\t\t\t<\/div>\n\t\t<\/div>\n\t<\/section>\t\t\n\t<!-- End of contact page section\n\t============================================= -->\n\t\t\n    \t\t<\/div>\n\t\t\t\t<\/div>\n\t\t\t\t\t<\/div>\n\t\t<\/div>\n\t\t\t\t\t\t\t<\/div>\n\t\t<\/section>\n\t\t\t\t\t\t\t<\/div>","protected":false},"excerpt":{"rendered":"<p>Get a Quote Get in Touch And We\u2019ll Help Your Business Office address Bi\u1ec7t th\u1ef1 DP 59, Dragon Parc 2, KDC Ph\u00fa Long &#8211; Ph\u01b0\u1edbc Ki\u1ec3n &#8211; Nh\u00e0 B\u00e8 &#8211; Th\u00e0nh ph\u1ed1 H\u1ed3 Ch\u00ed Minh Telephone number 0902077812 Mail address info@novalog.vn Get a Quote Interested ServiceLogisticsGreen BusinessOther Services Preferred Feedback MethodEmailCallSMS Book An Appointmet<\/p>","protected":false},"author":1,"featured_media":0,"parent":0,"menu_order":0,"comment_status":"closed","ping_status":"closed","template":"","meta":{"footnotes":""},"class_list":["post-1011","page","type-page","status-publish","hentry"],"acf":[],"yoast_head":"<!-- This site is optimized with the Yoast SEO plugin v21.7 - https:\/\/yoast.com\/wordpress\/plugins\/seo\/ -->\n<title>Contact - Website Novalog<\/title>\n<meta name=\"description\" content=\"Novalog - trang web h\u00e0ng h\u00f3a \u0111a d\u1ea1ng, cung c\u1ea5p d\u1ecbch v\u1ee5 v\u1eadn chuy\u1ec3n \u0111\u00e1ng tin c\u1eady, k\u1ebft n\u1ed1i n\u1ed9i \u0111\u1ecba v\u00e0 qu\u1ed1c t\u1ebf.\" \/>\n<meta name=\"robots\" content=\"index, follow, max-snippet:-1, max-image-preview:large, max-video-preview:-1\" \/>\n<link rel=\"canonical\" href=\"https:\/\/novalog.vn\/vi\/contact\/\" \/>\n<meta property=\"og:locale\" content=\"vi_VN\" \/>\n<meta property=\"og:type\" content=\"article\" \/>\n<meta property=\"og:title\" content=\"Contact - Website Novalog\" \/>\n<meta property=\"og:description\" content=\"Novalog - trang web h\u00e0ng h\u00f3a \u0111a d\u1ea1ng, cung c\u1ea5p d\u1ecbch v\u1ee5 v\u1eadn chuy\u1ec3n \u0111\u00e1ng tin c\u1eady, k\u1ebft n\u1ed1i n\u1ed9i \u0111\u1ecba v\u00e0 qu\u1ed1c t\u1ebf.\" \/>\n<meta property=\"og:url\" content=\"https:\/\/novalog.vn\/vi\/contact\/\" \/>\n<meta property=\"og:site_name\" content=\"Website Novalog\" \/>\n<meta property=\"article:modified_time\" content=\"2025-09-04T02:10:47+00:00\" \/>\n<meta name=\"twitter:card\" content=\"summary_large_image\" \/>\n<meta name=\"twitter:label1\" content=\"\u01af\u1edbc t\u00ednh th\u1eddi gian \u0111\u1ecdc\" \/>\n\t<meta name=\"twitter:data1\" content=\"1 ph\u00fat\" \/>\n<script type=\"application\/ld+json\" class=\"yoast-schema-graph\">{\"@context\":\"https:\/\/schema.org\",\"@graph\":[{\"@type\":\"WebPage\",\"@id\":\"https:\/\/novalog.vn\/vi\/contact\/\",\"url\":\"https:\/\/novalog.vn\/vi\/contact\/\",\"name\":\"Contact - Website Novalog\",\"isPartOf\":{\"@id\":\"https:\/\/novalog.vn\/#website\"},\"datePublished\":\"2021-10-08T06:06:28+00:00\",\"dateModified\":\"2025-09-04T02:10:47+00:00\",\"description\":\"Novalog - trang web h\u00e0ng h\u00f3a \u0111a d\u1ea1ng, cung c\u1ea5p d\u1ecbch v\u1ee5 v\u1eadn chuy\u1ec3n \u0111\u00e1ng tin c\u1eady, k\u1ebft n\u1ed1i n\u1ed9i \u0111\u1ecba v\u00e0 qu\u1ed1c t\u1ebf.\",\"breadcrumb\":{\"@id\":\"https:\/\/novalog.vn\/vi\/contact\/#breadcrumb\"},\"inLanguage\":\"vi\",\"potentialAction\":[{\"@type\":\"ReadAction\",\"target\":[\"https:\/\/novalog.vn\/vi\/contact\/\"]}]},{\"@type\":\"BreadcrumbList\",\"@id\":\"https:\/\/novalog.vn\/vi\/contact\/#breadcrumb\",\"itemListElement\":[{\"@type\":\"ListItem\",\"position\":1,\"name\":\"Home\",\"item\":\"https:\/\/novalog.vn\/\"},{\"@type\":\"ListItem\",\"position\":2,\"name\":\"Contact\"}]},{\"@type\":\"WebSite\",\"@id\":\"https:\/\/novalog.vn\/#website\",\"url\":\"https:\/\/novalog.vn\/\",\"name\":\"Website novalog\",\"description\":\"M\u1ed9t trang web m\u1edbi s\u1eed d\u1ee5ng WordPress.\",\"publisher\":{\"@id\":\"https:\/\/novalog.vn\/#organization\"},\"potentialAction\":[{\"@type\":\"SearchAction\",\"target\":{\"@type\":\"EntryPoint\",\"urlTemplate\":\"https:\/\/novalog.vn\/?s={search_term_string}\"},\"query-input\":\"required name=search_term_string\"}],\"inLanguage\":\"vi\"},{\"@type\":\"Organization\",\"@id\":\"https:\/\/novalog.vn\/#organization\",\"name\":\"Website novalog\",\"url\":\"https:\/\/novalog.vn\/\",\"logo\":{\"@type\":\"ImageObject\",\"inLanguage\":\"vi\",\"@id\":\"https:\/\/novalog.vn\/#\/schema\/logo\/image\/\",\"url\":\"https:\/\/novalog.vn\/wp-content\/uploads\/2023\/12\/logo-2.webp\",\"contentUrl\":\"https:\/\/novalog.vn\/wp-content\/uploads\/2023\/12\/logo-2.webp\",\"width\":239,\"height\":238,\"caption\":\"Website novalog\"},\"image\":{\"@id\":\"https:\/\/novalog.vn\/#\/schema\/logo\/image\/\"}}]}<\/script>\n<!-- \/ Yoast SEO plugin. -->","yoast_head_json":{"title":"Contact - Website Novalog","description":"Novalog - trang web h\u00e0ng h\u00f3a \u0111a d\u1ea1ng, cung c\u1ea5p d\u1ecbch v\u1ee5 v\u1eadn chuy\u1ec3n \u0111\u00e1ng tin c\u1eady, k\u1ebft n\u1ed1i n\u1ed9i \u0111\u1ecba v\u00e0 qu\u1ed1c t\u1ebf.","robots":{"index":"index","follow":"follow","max-snippet":"max-snippet:-1","max-image-preview":"max-image-preview:large","max-video-preview":"max-video-preview:-1"},"canonical":"https:\/\/novalog.vn\/vi\/contact\/","og_locale":"vi_VN","og_type":"article","og_title":"Contact - Website Novalog","og_description":"Novalog - trang web h\u00e0ng h\u00f3a \u0111a d\u1ea1ng, cung c\u1ea5p d\u1ecbch v\u1ee5 v\u1eadn chuy\u1ec3n \u0111\u00e1ng tin c\u1eady, k\u1ebft n\u1ed1i n\u1ed9i \u0111\u1ecba v\u00e0 qu\u1ed1c t\u1ebf.","og_url":"https:\/\/novalog.vn\/vi\/contact\/","og_site_name":"Website Novalog","article_modified_time":"2025-09-04T02:10:47+00:00","twitter_card":"summary_large_image","twitter_misc":{"\u01af\u1edbc t\u00ednh th\u1eddi gian \u0111\u1ecdc":"1 ph\u00fat"},"schema":{"@context":"https:\/\/schema.org","@graph":[{"@type":"WebPage","@id":"https:\/\/novalog.vn\/vi\/contact\/","url":"https:\/\/novalog.vn\/vi\/contact\/","name":"Contact - Website Novalog","isPartOf":{"@id":"https:\/\/novalog.vn\/#website"},"datePublished":"2021-10-08T06:06:28+00:00","dateModified":"2025-09-04T02:10:47+00:00","description":"Novalog - trang web h\u00e0ng h\u00f3a \u0111a d\u1ea1ng, cung c\u1ea5p d\u1ecbch v\u1ee5 v\u1eadn chuy\u1ec3n \u0111\u00e1ng tin c\u1eady, k\u1ebft n\u1ed1i n\u1ed9i \u0111\u1ecba v\u00e0 qu\u1ed1c t\u1ebf.","breadcrumb":{"@id":"https:\/\/novalog.vn\/vi\/contact\/#breadcrumb"},"inLanguage":"vi","potentialAction":[{"@type":"ReadAction","target":["https:\/\/novalog.vn\/vi\/contact\/"]}]},{"@type":"BreadcrumbList","@id":"https:\/\/novalog.vn\/vi\/contact\/#breadcrumb","itemListElement":[{"@type":"ListItem","position":1,"name":"Home","item":"https:\/\/novalog.vn\/"},{"@type":"ListItem","position":2,"name":"Contact"}]},{"@type":"WebSite","@id":"https:\/\/novalog.vn\/#website","url":"https:\/\/novalog.vn\/","name":"Website novalog","description":"M\u1ed9t trang web m\u1edbi s\u1eed d\u1ee5ng WordPress.","publisher":{"@id":"https:\/\/novalog.vn\/#organization"},"potentialAction":[{"@type":"SearchAction","target":{"@type":"EntryPoint","urlTemplate":"https:\/\/novalog.vn\/?s={search_term_string}"},"query-input":"required name=search_term_string"}],"inLanguage":"vi"},{"@type":"Organization","@id":"https:\/\/novalog.vn\/#organization","name":"Website novalog","url":"https:\/\/novalog.vn\/","logo":{"@type":"ImageObject","inLanguage":"vi","@id":"https:\/\/novalog.vn\/#\/schema\/logo\/image\/","url":"https:\/\/novalog.vn\/wp-content\/uploads\/2023\/12\/logo-2.webp","contentUrl":"https:\/\/novalog.vn\/wp-content\/uploads\/2023\/12\/logo-2.webp","width":239,"height":238,"caption":"Website novalog"},"image":{"@id":"https:\/\/novalog.vn\/#\/schema\/logo\/image\/"}}]}},"_links":{"self":[{"href":"https:\/\/novalog.vn\/vi\/wp-json\/wp\/v2\/pages\/1011","targetHints":{"allow":["GET"]}}],"collection":[{"href":"https:\/\/novalog.vn\/vi\/wp-json\/wp\/v2\/pages"}],"about":[{"href":"https:\/\/novalog.vn\/vi\/wp-json\/wp\/v2\/types\/page"}],"author":[{"embeddable":true,"href":"https:\/\/novalog.vn\/vi\/wp-json\/wp\/v2\/users\/1"}],"replies":[{"embeddable":true,"href":"https:\/\/novalog.vn\/vi\/wp-json\/wp\/v2\/comments?post=1011"}],"version-history":[{"count":5,"href":"https:\/\/novalog.vn\/vi\/wp-json\/wp\/v2\/pages\/1011\/revisions"}],"predecessor-version":[{"id":3457,"href":"https:\/\/novalog.vn\/vi\/wp-json\/wp\/v2\/pages\/1011\/revisions\/3457"}],"wp:attachment":[{"href":"https:\/\/novalog.vn\/vi\/wp-json\/wp\/v2\/media?parent=1011"}],"curies":[{"name":"wp","href":"https:\/\/api.w.org\/{rel}","templated":true}]}}